{"id":700,"date":"2024-02-10T14:48:02","date_gmt":"2024-02-10T13:48:02","guid":{"rendered":"https:\/\/www.hotel-les-genets.com\/seminaire\/"},"modified":"2025-04-24T16:40:02","modified_gmt":"2025-04-24T14:40:02","slug":"seminaire","status":"publish","type":"page","link":"https:\/\/www.hotel-les-genets.com\/es\/seminaire\/","title":{"rendered":"Business"},"content":{"rendered":"<div id=\"gallery-1\" class=\"gallery galleryid-1 default columns_4 gallery-columns-4  gallery-size-thumbnail \">\n<dl class=\"gallery-item gallery-startcol\">\n\t<dt class=\"gallery-icon\"><a href=\"https:\/\/www.hotel-les-genets.com\/es\/seminaire\/photo-2024-11-22-08-54-21-2-2\/\" title=\"PHOTO-2024-11-22-08-54-21 2\">\t\t\t<img loading=\"lazy\" decoding=\"async\" src=\"https:\/\/www.hotel-les-genets.com\/wp-content\/uploads\/sites\/126\/2025\/04\/PHOTO-2024-11-22-08-54-21-2-150x150.jpg\" width=\"150\" height=\"150\" title=\"PHOTO-2024-11-22-08-54-21 2\" class=\"attachment-thumbnail\" alt=\"PHOTO-2024-11-22-08-54-21 2\" \/><\/a>\t<\/dt>\n\t<\/dl>\n<dl class=\"gallery-item\">\n\t<dt class=\"gallery-icon\"><a href=\"https:\/\/www.hotel-les-genets.com\/es\/seminaire\/photo-2024-11-22-08-54-21-3\/\" title=\"PHOTO-2024-11-22-08-54-21\">\t\t\t<img loading=\"lazy\" decoding=\"async\" src=\"https:\/\/www.hotel-les-genets.com\/wp-content\/uploads\/sites\/126\/2025\/04\/PHOTO-2024-11-22-08-54-21-150x150.jpg\" width=\"150\" height=\"150\" title=\"PHOTO-2024-11-22-08-54-21\" class=\"attachment-thumbnail\" alt=\"PHOTO-2024-11-22-08-54-21\" \/><\/a>\t<\/dt>\n\t<\/dl>\n<dl class=\"gallery-item\">\n\t<dt class=\"gallery-icon\"><a href=\"https:\/\/www.hotel-les-genets.com\/es\/seminaire\/photo-2024-11-22-08-54-22-2\/\" title=\"PHOTO-2024-11-22-08-54-22 2\">\t\t\t<img loading=\"lazy\" decoding=\"async\" src=\"https:\/\/www.hotel-les-genets.com\/wp-content\/uploads\/sites\/126\/2025\/04\/PHOTO-2024-11-22-08-54-22-2-150x150.jpg\" width=\"150\" height=\"150\" title=\"PHOTO-2024-11-22-08-54-22 2\" class=\"attachment-thumbnail\" alt=\"PHOTO-2024-11-22-08-54-22 2\" \/><\/a>\t<\/dt>\n\t<\/dl>\n<dl class=\"gallery-item gallery-endcol\">\n\t<dt class=\"gallery-icon\"><a href=\"https:\/\/www.hotel-les-genets.com\/es\/seminaire\/photo-2024-11-22-08-54-22\/\" title=\"PHOTO-2024-11-22-08-54-22\">\t\t\t<img loading=\"lazy\" decoding=\"async\" src=\"https:\/\/www.hotel-les-genets.com\/wp-content\/uploads\/sites\/126\/2025\/04\/PHOTO-2024-11-22-08-54-22-150x150.jpg\" width=\"150\" height=\"150\" title=\"PHOTO-2024-11-22-08-54-22\" class=\"attachment-thumbnail\" alt=\"PHOTO-2024-11-22-08-54-22\" \/><\/a>\t<\/dt>\n\t<\/dl>\n\n<br class='clear' \/>\n\n\n<\/div>\n<p class=\"\" data-start=\"51\" data-end=\"109\"><strong data-start=\"51\" data-end=\"109\">Organice sus eventos en un espacio acogedor y flexible<\/strong><\/p>\n<p class=\"\" data-start=\"111\" data-end=\"403\">Descubra una sala de 50 m\u00b2 totalmente adaptable a sus necesidades: en configuraci\u00f3n en U, tipo teatro, aula, o incluso sin mesas para talleres, showrooms, etc. El espacio est\u00e1 equipado con un proyector, dos rotafolios y acceso Wi-Fi para garantizar el \u00e9xito de sus reuniones o presentaciones.<\/p>\n<p class=\"\" data-start=\"405\" data-end=\"655\">Enriquezca su evento con servicios personalizados: caf\u00e9 de bienvenida, pausas gastron\u00f3micas, almuerzos y cenas a tarifas preferenciales. Tambi\u00e9n puede disfrutar de nuestro restaurante en el lugar, ideal para comer en un ambiente agradable y acogedor.<\/p>\n<p class=\"\" data-start=\"657\" data-end=\"723\"><strong data-start=\"657\" data-end=\"723\" data-is-last-node=\"\">Cont\u00e1ctenos para solicitar un presupuesto o hacer una reserva:<\/strong><\/p>\n<p>\uff20 \u00a0 <a href=\"mailto:contact@hotel-les-genets.com\">contact@hotel-les-genets.com<\/a><br \/>\n\ud83d\udcde \u00a0<a href=\"https:\/\/www.google.com\/search?client=safari&amp;rls=en&amp;q=hotel+les+genets&amp;ie=UTF-8&amp;oe=UTF-8#\" data-dtype=\"d3ph\" data-local-attribute=\"d3ph\" data-ved=\"2ahUKEwjU-vuh4ouLAxVtVKQEHZa3JkEQkAgoAHoECDUQAg\"><span aria-label=\"Appeler le 05 59 42 24 24\">05 59 42 24 24<\/span><\/a><\/p>\n<p>&nbsp;<\/p>\n","protected":false},"excerpt":{"rendered":"<p>Organice sus eventos en un espacio acogedor y flexible Descubra una sala de 50 m\u00b2 totalmente adaptable a sus necesidades: en configuraci\u00f3n en U, tipo teatro, aula, o incluso sin mesas para talleres, showrooms, etc. El espacio est\u00e1 equipado con un proyector, dos rotafolios y acceso Wi-Fi para garantizar el \u00e9xito de sus reuniones o [&hellip;]<\/p>\n","protected":false},"author":235,"featured_media":0,"parent":0,"menu_order":0,"comment_status":"closed","ping_status":"closed","template":"","meta":{"footnotes":""},"class_list":["post-700","page","type-page","status-publish","hentry"],"yoast_head":"<!-- This site is optimized with the Yoast SEO plugin v26.9 - https:\/\/yoast.com\/product\/yoast-seo-wordpress\/ -->\n<title>Business - Hotel Les Genets<\/title>\n<meta name=\"description\" content=\"Organice sus eventos en un espacio acogedor y flexible Descubra una sala de 50 m\u00b2 totalmente adaptable a sus necesidades: en configuraci\u00f3n en U, tipo\" \/>\n<meta name=\"robots\" content=\"index, follow, max-snippet:-1, max-image-preview:large, max-video-preview:-1\" \/>\n<link rel=\"canonical\" href=\"https:\/\/www.hotel-les-genets.com\/es\/seminaire\/\" \/>\n<meta property=\"og:locale\" content=\"es_ES\" \/>\n<meta property=\"og:type\" content=\"article\" \/>\n<meta property=\"og:title\" content=\"Business - Hotel Les Genets\" \/>\n<meta property=\"og:description\" content=\"Organice sus eventos en un espacio acogedor y flexible Descubra una sala de 50 m\u00b2 totalmente adaptable a sus necesidades: en configuraci\u00f3n en U, tipo\" \/>\n<meta property=\"og:url\" content=\"https:\/\/www.hotel-les-genets.com\/es\/seminaire\/\" \/>\n<meta property=\"og:site_name\" content=\"Hotel Les Genets\" \/>\n<meta property=\"article:modified_time\" content=\"2025-04-24T14:40:02+00:00\" \/>\n<meta property=\"og:image\" content=\"https:\/\/www.hotel-les-genets.com\/wp-content\/uploads\/sites\/126\/2025\/04\/PHOTO-2024-11-22-08-54-21-2-150x150.jpg\" \/>\n<meta name=\"twitter:card\" content=\"summary_large_image\" \/>\n<meta name=\"twitter:label1\" content=\"Tiempo de lectura\" \/>\n\t<meta name=\"twitter:data1\" content=\"1 minuto\" \/>\n<script type=\"application\/ld+json\" class=\"yoast-schema-graph\">{\"@context\":\"https:\/\/schema.org\",\"@graph\":[{\"@type\":\"WebPage\",\"@id\":\"https:\/\/www.hotel-les-genets.com\/es\/seminaire\/\",\"url\":\"https:\/\/www.hotel-les-genets.com\/es\/seminaire\/\",\"name\":\"Business - Hotel Les Genets\",\"isPartOf\":{\"@id\":\"https:\/\/www.hotel-les-genets.com\/es\/#website\"},\"datePublished\":\"2024-02-10T13:48:02+00:00\",\"dateModified\":\"2025-04-24T14:40:02+00:00\",\"description\":\"Organice sus eventos en un espacio acogedor y flexible Descubra una sala de 50 m\u00b2 totalmente adaptable a sus necesidades: en configuraci\u00f3n en U, tipo\",\"breadcrumb\":{\"@id\":\"https:\/\/www.hotel-les-genets.com\/es\/seminaire\/#breadcrumb\"},\"inLanguage\":\"es\",\"potentialAction\":[{\"@type\":\"ReadAction\",\"target\":[\"https:\/\/www.hotel-les-genets.com\/es\/seminaire\/\"]}]},{\"@type\":\"BreadcrumbList\",\"@id\":\"https:\/\/www.hotel-les-genets.com\/es\/seminaire\/#breadcrumb\",\"itemListElement\":[{\"@type\":\"ListItem\",\"position\":1,\"name\":\"Accueil\",\"item\":\"https:\/\/www.hotel-les-genets.com\/es\/\"},{\"@type\":\"ListItem\",\"position\":2,\"name\":\"Business\"}]},{\"@type\":\"WebSite\",\"@id\":\"https:\/\/www.hotel-les-genets.com\/es\/#website\",\"url\":\"https:\/\/www.hotel-les-genets.com\/es\/\",\"name\":\"Hotel Les Genets\",\"description\":\"\",\"potentialAction\":[{\"@type\":\"SearchAction\",\"target\":{\"@type\":\"EntryPoint\",\"urlTemplate\":\"https:\/\/www.hotel-les-genets.com\/es\/?s={search_term_string}\"},\"query-input\":{\"@type\":\"PropertyValueSpecification\",\"valueRequired\":true,\"valueName\":\"search_term_string\"}}],\"inLanguage\":\"es\"}]}<\/script>\n<!-- \/ Yoast SEO plugin. -->","yoast_head_json":{"title":"Business - Hotel Les Genets","description":"Organice sus eventos en un espacio acogedor y flexible Descubra una sala de 50 m\u00b2 totalmente adaptable a sus necesidades: en configuraci\u00f3n en U, tipo","robots":{"index":"index","follow":"follow","max-snippet":"max-snippet:-1","max-image-preview":"max-image-preview:large","max-video-preview":"max-video-preview:-1"},"canonical":"https:\/\/www.hotel-les-genets.com\/es\/seminaire\/","og_locale":"es_ES","og_type":"article","og_title":"Business - Hotel Les Genets","og_description":"Organice sus eventos en un espacio acogedor y flexible Descubra una sala de 50 m\u00b2 totalmente adaptable a sus necesidades: en configuraci\u00f3n en U, tipo","og_url":"https:\/\/www.hotel-les-genets.com\/es\/seminaire\/","og_site_name":"Hotel Les Genets","article_modified_time":"2025-04-24T14:40:02+00:00","og_image":[{"url":"https:\/\/www.hotel-les-genets.com\/wp-content\/uploads\/sites\/126\/2025\/04\/PHOTO-2024-11-22-08-54-21-2-150x150.jpg","type":"","width":"","height":""}],"twitter_card":"summary_large_image","twitter_misc":{"Tiempo de lectura":"1 minuto"},"schema":{"@context":"https:\/\/schema.org","@graph":[{"@type":"WebPage","@id":"https:\/\/www.hotel-les-genets.com\/es\/seminaire\/","url":"https:\/\/www.hotel-les-genets.com\/es\/seminaire\/","name":"Business - Hotel Les Genets","isPartOf":{"@id":"https:\/\/www.hotel-les-genets.com\/es\/#website"},"datePublished":"2024-02-10T13:48:02+00:00","dateModified":"2025-04-24T14:40:02+00:00","description":"Organice sus eventos en un espacio acogedor y flexible Descubra una sala de 50 m\u00b2 totalmente adaptable a sus necesidades: en configuraci\u00f3n en U, tipo","breadcrumb":{"@id":"https:\/\/www.hotel-les-genets.com\/es\/seminaire\/#breadcrumb"},"inLanguage":"es","potentialAction":[{"@type":"ReadAction","target":["https:\/\/www.hotel-les-genets.com\/es\/seminaire\/"]}]},{"@type":"BreadcrumbList","@id":"https:\/\/www.hotel-les-genets.com\/es\/seminaire\/#breadcrumb","itemListElement":[{"@type":"ListItem","position":1,"name":"Accueil","item":"https:\/\/www.hotel-les-genets.com\/es\/"},{"@type":"ListItem","position":2,"name":"Business"}]},{"@type":"WebSite","@id":"https:\/\/www.hotel-les-genets.com\/es\/#website","url":"https:\/\/www.hotel-les-genets.com\/es\/","name":"Hotel Les Genets","description":"","potentialAction":[{"@type":"SearchAction","target":{"@type":"EntryPoint","urlTemplate":"https:\/\/www.hotel-les-genets.com\/es\/?s={search_term_string}"},"query-input":{"@type":"PropertyValueSpecification","valueRequired":true,"valueName":"search_term_string"}}],"inLanguage":"es"}]}},"acf":[],"_links":{"self":[{"href":"https:\/\/www.hotel-les-genets.com\/es\/wp-json\/wp\/v2\/pages\/700","targetHints":{"allow":["GET"]}}],"collection":[{"href":"https:\/\/www.hotel-les-genets.com\/es\/wp-json\/wp\/v2\/pages"}],"about":[{"href":"https:\/\/www.hotel-les-genets.com\/es\/wp-json\/wp\/v2\/types\/page"}],"author":[{"embeddable":true,"href":"https:\/\/www.hotel-les-genets.com\/es\/wp-json\/wp\/v2\/users\/235"}],"replies":[{"embeddable":true,"href":"https:\/\/www.hotel-les-genets.com\/es\/wp-json\/wp\/v2\/comments?post=700"}],"version-history":[{"count":0,"href":"https:\/\/www.hotel-les-genets.com\/es\/wp-json\/wp\/v2\/pages\/700\/revisions"}],"wp:attachment":[{"href":"https:\/\/www.hotel-les-genets.com\/es\/wp-json\/wp\/v2\/media?parent=700"}],"curies":[{"name":"wp","href":"https:\/\/api.w.org\/{rel}","templated":true}]}}