{"id":162,"date":"2020-08-20T15:30:17","date_gmt":"2020-08-20T13:30:17","guid":{"rendered":"http:\/\/les-genets.ms.decms.eu\/?page_id=162"},"modified":"2025-04-23T20:41:50","modified_gmt":"2025-04-23T18:41:50","slug":"los-servicios","status":"publish","type":"page","link":"https:\/\/www.hotel-les-genets.com\/es\/los-servicios\/","title":{"rendered":"Los servicios"},"content":{"rendered":"<p class=\"\" style=\"text-align: center\" data-start=\"40\" data-end=\"60\"><strong data-start=\"40\" data-end=\"60\">Recepci\u00f3n 24h\/24<\/strong><\/p>\n<p class=\"\" style=\"text-align: center\" data-start=\"62\" data-end=\"297\"><strong data-start=\"62\" data-end=\"116\">Accesibilidad para personas con movilidad reducida<\/strong><br data-start=\"116\" data-end=\"119\" \/>El establecimiento es accesible para personas con movilidad reducida. Disponemos de 2 habitaciones \u00abStandard\u00bb y 1 habitaci\u00f3n \u00abConfort\u00bb adaptadas para PMR, para 1, 2 o 3 personas.<\/p>\n<p class=\"\" style=\"text-align: center\" data-start=\"299\" data-end=\"435\"><strong data-start=\"299\" data-end=\"327\">Estacionamiento gratuito<\/strong><br data-start=\"327\" data-end=\"330\" \/>Aparcamiento privado y gratuito dentro de la propiedad del hotel, con 2 plazas reservadas para autocares.<\/p>\n<p class=\"\" style=\"text-align: center\" data-start=\"437\" data-end=\"737\"><strong data-start=\"437\" data-end=\"468\">Puntos de recarga el\u00e9ctrica<\/strong><br data-start=\"468\" data-end=\"471\" \/>Recargue su veh\u00edculo el\u00e9ctrico con total tranquilidad gracias a nuestros 3 cargadores Powerdot disponibles en el aparcamiento, con potencias adaptadas a todas las necesidades. Mientras su coche se carga, disfrute de un momento de relax en el bar o en el restaurante.<\/p>\n<p class=\"\" style=\"text-align: center\" data-start=\"739\" data-end=\"822\"><strong data-start=\"739\" data-end=\"756\">WIFI gratuito<\/strong><br data-start=\"756\" data-end=\"759\" \/>WIFI gratuito e ilimitado en todo el hotel y en el restaurante.<\/p>\n<p class=\"\" style=\"text-align: center\" data-start=\"824\" data-end=\"1007\"><strong data-start=\"824\" data-end=\"831\">Bar<\/strong><br data-start=\"831\" data-end=\"834\" \/>Abierto todos los d\u00edas, nuestro bar le recibe en un ambiente acogedor con una amplia selecci\u00f3n de bebidas, con y sin alcohol: cervezas, c\u00f3cteles, licores, bebidas calientes\u2026<\/p>\n<p class=\"\" style=\"text-align: center\" data-start=\"1009\" data-end=\"1114\"><strong data-start=\"1009\" data-end=\"1029\">Restaurante ATEA<\/strong><br data-start=\"1029\" data-end=\"1032\" \/>Restaurante en el propio hotel, que ofrece cocina local, tradicional e innovadora.<\/p>\n","protected":false},"excerpt":{"rendered":"<p>Recepci\u00f3n 24h\/24 Accesibilidad para personas con movilidad reducidaEl establecimiento es accesible para personas con movilidad reducida. Disponemos de 2 habitaciones \u00abStandard\u00bb y 1 habitaci\u00f3n \u00abConfort\u00bb adaptadas para PMR, para 1, 2 o 3 personas. Estacionamiento gratuitoAparcamiento privado y gratuito dentro de la propiedad del hotel, con 2 plazas reservadas para autocares. Puntos de recarga el\u00e9ctricaRecargue [&hellip;]<\/p>\n","protected":false},"author":15,"featured_media":0,"parent":0,"menu_order":0,"comment_status":"closed","ping_status":"closed","template":"","meta":{"footnotes":""},"class_list":["post-162","page","type-page","status-publish","hentry"],"yoast_head":"<!-- This site is optimized with the Yoast SEO plugin v26.9 - https:\/\/yoast.com\/product\/yoast-seo-wordpress\/ -->\n<title>Servicios H\u00f4tel Bayonne - Les Gen\u00eats - H\u00f4tel Les Gen\u00eats<\/title>\n<meta name=\"description\" content=\"Preocupado por el bienestar de los hu\u00e9spedes, el hotel de dos estrellas Les Gen\u00eats a las puertas de Bayonne y a pocos minutos de Anglet y Biarritz, ofrece una amplia gama de servicios para hacer de su estancia una experiencia agradable.\" \/>\n<meta name=\"robots\" content=\"index, follow, max-snippet:-1, max-image-preview:large, max-video-preview:-1\" \/>\n<link rel=\"canonical\" href=\"https:\/\/www.hotel-les-genets.com\/es\/los-servicios\/\" \/>\n<meta property=\"og:locale\" content=\"es_ES\" \/>\n<meta property=\"og:type\" content=\"article\" \/>\n<meta property=\"og:title\" content=\"Servicios H\u00f4tel Bayonne - Les Gen\u00eats - H\u00f4tel Les Gen\u00eats\" \/>\n<meta property=\"og:description\" content=\"Preocupado por el bienestar de los hu\u00e9spedes, el hotel de dos estrellas Les Gen\u00eats a las puertas de Bayonne y a pocos minutos de Anglet y Biarritz, ofrece una amplia gama de servicios para hacer de su estancia una experiencia agradable.\" \/>\n<meta property=\"og:url\" content=\"https:\/\/www.hotel-les-genets.com\/es\/los-servicios\/\" \/>\n<meta property=\"og:site_name\" content=\"Hotel Les Genets\" \/>\n<meta property=\"article:modified_time\" content=\"2025-04-23T18:41:50+00:00\" \/>\n<meta name=\"twitter:card\" content=\"summary_large_image\" \/>\n<meta name=\"twitter:label1\" content=\"Tiempo de lectura\" \/>\n\t<meta name=\"twitter:data1\" content=\"1 minuto\" \/>\n<script type=\"application\/ld+json\" class=\"yoast-schema-graph\">{\"@context\":\"https:\/\/schema.org\",\"@graph\":[{\"@type\":\"WebPage\",\"@id\":\"https:\/\/www.hotel-les-genets.com\/es\/los-servicios\/\",\"url\":\"https:\/\/www.hotel-les-genets.com\/es\/los-servicios\/\",\"name\":\"Servicios H\u00f4tel Bayonne - Les Gen\u00eats - H\u00f4tel Les Gen\u00eats\",\"isPartOf\":{\"@id\":\"https:\/\/www.hotel-les-genets.com\/es\/#website\"},\"datePublished\":\"2020-08-20T13:30:17+00:00\",\"dateModified\":\"2025-04-23T18:41:50+00:00\",\"description\":\"Preocupado por el bienestar de los hu\u00e9spedes, el hotel de dos estrellas Les Gen\u00eats a las puertas de Bayonne y a pocos minutos de Anglet y Biarritz, ofrece una amplia gama de servicios para hacer de su estancia una experiencia agradable.\",\"breadcrumb\":{\"@id\":\"https:\/\/www.hotel-les-genets.com\/es\/los-servicios\/#breadcrumb\"},\"inLanguage\":\"es\",\"potentialAction\":[{\"@type\":\"ReadAction\",\"target\":[\"https:\/\/www.hotel-les-genets.com\/es\/los-servicios\/\"]}]},{\"@type\":\"BreadcrumbList\",\"@id\":\"https:\/\/www.hotel-les-genets.com\/es\/los-servicios\/#breadcrumb\",\"itemListElement\":[{\"@type\":\"ListItem\",\"position\":1,\"name\":\"Accueil\",\"item\":\"https:\/\/www.hotel-les-genets.com\/es\/\"},{\"@type\":\"ListItem\",\"position\":2,\"name\":\"Los servicios\"}]},{\"@type\":\"WebSite\",\"@id\":\"https:\/\/www.hotel-les-genets.com\/es\/#website\",\"url\":\"https:\/\/www.hotel-les-genets.com\/es\/\",\"name\":\"Hotel Les Genets\",\"description\":\"\",\"potentialAction\":[{\"@type\":\"SearchAction\",\"target\":{\"@type\":\"EntryPoint\",\"urlTemplate\":\"https:\/\/www.hotel-les-genets.com\/es\/?s={search_term_string}\"},\"query-input\":{\"@type\":\"PropertyValueSpecification\",\"valueRequired\":true,\"valueName\":\"search_term_string\"}}],\"inLanguage\":\"es\"}]}<\/script>\n<!-- \/ Yoast SEO plugin. -->","yoast_head_json":{"title":"Servicios H\u00f4tel Bayonne - Les Gen\u00eats - H\u00f4tel Les Gen\u00eats","description":"Preocupado por el bienestar de los hu\u00e9spedes, el hotel de dos estrellas Les Gen\u00eats a las puertas de Bayonne y a pocos minutos de Anglet y Biarritz, ofrece una amplia gama de servicios para hacer de su estancia una experiencia agradable.","robots":{"index":"index","follow":"follow","max-snippet":"max-snippet:-1","max-image-preview":"max-image-preview:large","max-video-preview":"max-video-preview:-1"},"canonical":"https:\/\/www.hotel-les-genets.com\/es\/los-servicios\/","og_locale":"es_ES","og_type":"article","og_title":"Servicios H\u00f4tel Bayonne - Les Gen\u00eats - H\u00f4tel Les Gen\u00eats","og_description":"Preocupado por el bienestar de los hu\u00e9spedes, el hotel de dos estrellas Les Gen\u00eats a las puertas de Bayonne y a pocos minutos de Anglet y Biarritz, ofrece una amplia gama de servicios para hacer de su estancia una experiencia agradable.","og_url":"https:\/\/www.hotel-les-genets.com\/es\/los-servicios\/","og_site_name":"Hotel Les Genets","article_modified_time":"2025-04-23T18:41:50+00:00","twitter_card":"summary_large_image","twitter_misc":{"Tiempo de lectura":"1 minuto"},"schema":{"@context":"https:\/\/schema.org","@graph":[{"@type":"WebPage","@id":"https:\/\/www.hotel-les-genets.com\/es\/los-servicios\/","url":"https:\/\/www.hotel-les-genets.com\/es\/los-servicios\/","name":"Servicios H\u00f4tel Bayonne - Les Gen\u00eats - H\u00f4tel Les Gen\u00eats","isPartOf":{"@id":"https:\/\/www.hotel-les-genets.com\/es\/#website"},"datePublished":"2020-08-20T13:30:17+00:00","dateModified":"2025-04-23T18:41:50+00:00","description":"Preocupado por el bienestar de los hu\u00e9spedes, el hotel de dos estrellas Les Gen\u00eats a las puertas de Bayonne y a pocos minutos de Anglet y Biarritz, ofrece una amplia gama de servicios para hacer de su estancia una experiencia agradable.","breadcrumb":{"@id":"https:\/\/www.hotel-les-genets.com\/es\/los-servicios\/#breadcrumb"},"inLanguage":"es","potentialAction":[{"@type":"ReadAction","target":["https:\/\/www.hotel-les-genets.com\/es\/los-servicios\/"]}]},{"@type":"BreadcrumbList","@id":"https:\/\/www.hotel-les-genets.com\/es\/los-servicios\/#breadcrumb","itemListElement":[{"@type":"ListItem","position":1,"name":"Accueil","item":"https:\/\/www.hotel-les-genets.com\/es\/"},{"@type":"ListItem","position":2,"name":"Los servicios"}]},{"@type":"WebSite","@id":"https:\/\/www.hotel-les-genets.com\/es\/#website","url":"https:\/\/www.hotel-les-genets.com\/es\/","name":"Hotel Les Genets","description":"","potentialAction":[{"@type":"SearchAction","target":{"@type":"EntryPoint","urlTemplate":"https:\/\/www.hotel-les-genets.com\/es\/?s={search_term_string}"},"query-input":{"@type":"PropertyValueSpecification","valueRequired":true,"valueName":"search_term_string"}}],"inLanguage":"es"}]}},"acf":[],"_links":{"self":[{"href":"https:\/\/www.hotel-les-genets.com\/es\/wp-json\/wp\/v2\/pages\/162","targetHints":{"allow":["GET"]}}],"collection":[{"href":"https:\/\/www.hotel-les-genets.com\/es\/wp-json\/wp\/v2\/pages"}],"about":[{"href":"https:\/\/www.hotel-les-genets.com\/es\/wp-json\/wp\/v2\/types\/page"}],"author":[{"embeddable":true,"href":"https:\/\/www.hotel-les-genets.com\/es\/wp-json\/wp\/v2\/users\/15"}],"replies":[{"embeddable":true,"href":"https:\/\/www.hotel-les-genets.com\/es\/wp-json\/wp\/v2\/comments?post=162"}],"version-history":[{"count":0,"href":"https:\/\/www.hotel-les-genets.com\/es\/wp-json\/wp\/v2\/pages\/162\/revisions"}],"wp:attachment":[{"href":"https:\/\/www.hotel-les-genets.com\/es\/wp-json\/wp\/v2\/media?parent=162"}],"curies":[{"name":"wp","href":"https:\/\/api.w.org\/{rel}","templated":true}]}}