{"id":161,"date":"2020-08-20T15:29:19","date_gmt":"2020-08-20T13:29:19","guid":{"rendered":"http:\/\/les-genets.ms.decms.eu\/?page_id=161"},"modified":"2020-08-20T15:29:19","modified_gmt":"2020-08-20T13:29:19","slug":"aviso-legal","status":"publish","type":"page","link":"https:\/\/www.hotel-les-genets.com\/es\/aviso-legal\/","title":{"rendered":"Aviso legal"},"content":{"rendered":"<p>El editor se compromete a respetar todas las leyes relativas a la creaci\u00f3n y actividad de un sitio web.<\/p>\n<p><strong>Informaci\u00f3n t\u00e9cnica sobre el proyecto:<\/strong><\/p>\n<p>Se recuerda que el secreto de las correspondencias no est\u00e1 garantizado en la red de Internet y que pertenece a cada usuario de Internet adoptar todas las medidas apropiadas para proteger sus Datos y\/o programas inform\u00e1ticos propios de la contaminaci\u00f3n de posibles virus circulando por Internet.<\/p>\n<p><strong> Carta editorial del Presidente:<\/strong><\/p>\n<p>El sitio <a href=\"http:\/\/www.hotel-les-genets.com\">www.hotel-les-genets.com<\/a> es un sitio de presentaci\u00f3n de los servicios ofrecidos por SAS empresa hotelera y restaurante Bayona. Se complementa con herramientas de simulaci\u00f3n. La informaci\u00f3n proporcionada en este sitio es s\u00f3lo de car\u00e1cter indicativo.<\/p>\n<p><strong>Direcci\u00f3n:<\/strong><\/p>\n<p>HOTEL LES GENETS Rond point de Maignon<br \/>\n86 avenue du 8 mai 1945<br \/>\n64100 BAYONNE<br \/>\n<em>ADRESSE MAIL :<\/em> nellyferrier@hotel-les-genets.com<\/p>\n<p><strong>Realisacion del sitio web<\/strong><\/p>\n<p>Sociedad: D-Edge<br \/>\nSitio web : <a href=\"https:\/\/www.d-edge.com\/fr\/\" target=\"_blank\" rel=\"noopener noreferrer\">https:\/\/www.d-edge.com\/fr\/<\/a><br \/>\nDirecci\u00f3n : 14\/16, boulevard Poissonni\u00e8re, 75 009 Paris<br \/>\nCelular : +33 1 44 71 05 05\u200b<br \/>\nSIREN : 431 513 852<\/p>\n<p><strong> Datos personales:\u00a0 \u00a0<\/strong><\/p>\n<p>La informaci\u00f3n que ingrese ser\u00e1 registrada por SAS empresa hotelera y restaurante Bayona. Se analizar\u00e1n y transmitir\u00e1n a los distintos servicios afectados para su atenci\u00f3n.<br \/>\nAdem\u00e1s, podr\u00e1n ser SAS empresa hotelera y restaurante Bayona para las solicitaciones comerciales. Si no lo desea, por favor h\u00e1ganoslo saber escribiendo a la direcci\u00f3n especificada a continuaci\u00f3n.<\/p>\n<p>Usted tiene derecho a modificaci\u00f3n, rectificaci\u00f3n y supresi\u00f3n de los datos recogidos en este sitio, en las condiciones previstas por la Ley n\u00ba 78-17 de 6 de enero de 1978 relativa a la inform\u00e1tica, los ficheros y los libertades.<\/p>\n<p><strong>Para el ejercicio, dir\u00edjase por correo al administrador del sitio, a la siguiente direcci\u00f3n:<\/strong><\/p>\n<p>SAS soci\u00e9t\u00e9 Hoteli\u00e8re et restaurant Bayonne<br \/>\nRond point de Maignon<br \/>\n86 avenue du 8 mai 1945<br \/>\n64100 BAYONNE<\/p>\n<p><strong> Derechos de los autores: <\/strong><\/p>\n<p>La reproducci\u00f3n o representaci\u00f3n, \u00edntegra o parcial, de las p\u00e1ginas, de los datos y de cualquier otro elemento constitutivo del sitio , por proceso o soporte que sea, est\u00e1 prohibido y constituye sin autorizaci\u00f3n una falsificaci\u00f3n.<\/p>\n","protected":false},"excerpt":{"rendered":"<p>El editor se compromete a respetar todas las leyes relativas a la creaci\u00f3n y actividad de un sitio web. Informaci\u00f3n t\u00e9cnica sobre el proyecto: Se recuerda que el secreto de las correspondencias no est\u00e1 garantizado en la red de Internet y que pertenece a cada usuario de Internet adoptar todas las medidas apropiadas para proteger [&hellip;]<\/p>\n","protected":false},"author":15,"featured_media":0,"parent":0,"menu_order":80,"comment_status":"closed","ping_status":"closed","template":"","meta":{"footnotes":""},"class_list":["post-161","page","type-page","status-publish","hentry"],"yoast_head":"<!-- This site is optimized with the Yoast SEO plugin v26.9 - https:\/\/yoast.com\/product\/yoast-seo-wordpress\/ -->\n<title>Aviso legal - Hotel Les Genets<\/title>\n<meta name=\"description\" content=\"El editor se compromete a respetar todas las leyes relativas a la creaci\u00f3n y actividad de un sitio web. Informaci\u00f3n t\u00e9cnica sobre el proyecto: Se recuerda\" \/>\n<meta name=\"robots\" content=\"index, follow, max-snippet:-1, max-image-preview:large, max-video-preview:-1\" \/>\n<link rel=\"canonical\" href=\"https:\/\/www.hotel-les-genets.com\/es\/aviso-legal\/\" \/>\n<meta property=\"og:locale\" content=\"es_ES\" \/>\n<meta property=\"og:type\" content=\"article\" \/>\n<meta property=\"og:title\" content=\"Aviso legal - Hotel Les Genets\" \/>\n<meta property=\"og:description\" content=\"El editor se compromete a respetar todas las leyes relativas a la creaci\u00f3n y actividad de un sitio web. Informaci\u00f3n t\u00e9cnica sobre el proyecto: Se recuerda\" \/>\n<meta property=\"og:url\" content=\"https:\/\/www.hotel-les-genets.com\/es\/aviso-legal\/\" \/>\n<meta property=\"og:site_name\" content=\"Hotel Les Genets\" \/>\n<meta name=\"twitter:card\" content=\"summary_large_image\" \/>\n<meta name=\"twitter:label1\" content=\"Tiempo de lectura\" \/>\n\t<meta name=\"twitter:data1\" content=\"2 minutos\" \/>\n<script type=\"application\/ld+json\" class=\"yoast-schema-graph\">{\"@context\":\"https:\/\/schema.org\",\"@graph\":[{\"@type\":\"WebPage\",\"@id\":\"https:\/\/www.hotel-les-genets.com\/es\/aviso-legal\/\",\"url\":\"https:\/\/www.hotel-les-genets.com\/es\/aviso-legal\/\",\"name\":\"Aviso legal - Hotel Les Genets\",\"isPartOf\":{\"@id\":\"https:\/\/www.hotel-les-genets.com\/es\/#website\"},\"datePublished\":\"2020-08-20T13:29:19+00:00\",\"description\":\"El editor se compromete a respetar todas las leyes relativas a la creaci\u00f3n y actividad de un sitio web. Informaci\u00f3n t\u00e9cnica sobre el proyecto: Se recuerda\",\"breadcrumb\":{\"@id\":\"https:\/\/www.hotel-les-genets.com\/es\/aviso-legal\/#breadcrumb\"},\"inLanguage\":\"es\",\"potentialAction\":[{\"@type\":\"ReadAction\",\"target\":[\"https:\/\/www.hotel-les-genets.com\/es\/aviso-legal\/\"]}]},{\"@type\":\"BreadcrumbList\",\"@id\":\"https:\/\/www.hotel-les-genets.com\/es\/aviso-legal\/#breadcrumb\",\"itemListElement\":[{\"@type\":\"ListItem\",\"position\":1,\"name\":\"Accueil\",\"item\":\"https:\/\/www.hotel-les-genets.com\/es\/\"},{\"@type\":\"ListItem\",\"position\":2,\"name\":\"Aviso legal\"}]},{\"@type\":\"WebSite\",\"@id\":\"https:\/\/www.hotel-les-genets.com\/es\/#website\",\"url\":\"https:\/\/www.hotel-les-genets.com\/es\/\",\"name\":\"Hotel Les Genets\",\"description\":\"\",\"potentialAction\":[{\"@type\":\"SearchAction\",\"target\":{\"@type\":\"EntryPoint\",\"urlTemplate\":\"https:\/\/www.hotel-les-genets.com\/es\/?s={search_term_string}\"},\"query-input\":{\"@type\":\"PropertyValueSpecification\",\"valueRequired\":true,\"valueName\":\"search_term_string\"}}],\"inLanguage\":\"es\"}]}<\/script>\n<!-- \/ Yoast SEO plugin. -->","yoast_head_json":{"title":"Aviso legal - Hotel Les Genets","description":"El editor se compromete a respetar todas las leyes relativas a la creaci\u00f3n y actividad de un sitio web. Informaci\u00f3n t\u00e9cnica sobre el proyecto: Se recuerda","robots":{"index":"index","follow":"follow","max-snippet":"max-snippet:-1","max-image-preview":"max-image-preview:large","max-video-preview":"max-video-preview:-1"},"canonical":"https:\/\/www.hotel-les-genets.com\/es\/aviso-legal\/","og_locale":"es_ES","og_type":"article","og_title":"Aviso legal - Hotel Les Genets","og_description":"El editor se compromete a respetar todas las leyes relativas a la creaci\u00f3n y actividad de un sitio web. Informaci\u00f3n t\u00e9cnica sobre el proyecto: Se recuerda","og_url":"https:\/\/www.hotel-les-genets.com\/es\/aviso-legal\/","og_site_name":"Hotel Les Genets","twitter_card":"summary_large_image","twitter_misc":{"Tiempo de lectura":"2 minutos"},"schema":{"@context":"https:\/\/schema.org","@graph":[{"@type":"WebPage","@id":"https:\/\/www.hotel-les-genets.com\/es\/aviso-legal\/","url":"https:\/\/www.hotel-les-genets.com\/es\/aviso-legal\/","name":"Aviso legal - Hotel Les Genets","isPartOf":{"@id":"https:\/\/www.hotel-les-genets.com\/es\/#website"},"datePublished":"2020-08-20T13:29:19+00:00","description":"El editor se compromete a respetar todas las leyes relativas a la creaci\u00f3n y actividad de un sitio web. Informaci\u00f3n t\u00e9cnica sobre el proyecto: Se recuerda","breadcrumb":{"@id":"https:\/\/www.hotel-les-genets.com\/es\/aviso-legal\/#breadcrumb"},"inLanguage":"es","potentialAction":[{"@type":"ReadAction","target":["https:\/\/www.hotel-les-genets.com\/es\/aviso-legal\/"]}]},{"@type":"BreadcrumbList","@id":"https:\/\/www.hotel-les-genets.com\/es\/aviso-legal\/#breadcrumb","itemListElement":[{"@type":"ListItem","position":1,"name":"Accueil","item":"https:\/\/www.hotel-les-genets.com\/es\/"},{"@type":"ListItem","position":2,"name":"Aviso legal"}]},{"@type":"WebSite","@id":"https:\/\/www.hotel-les-genets.com\/es\/#website","url":"https:\/\/www.hotel-les-genets.com\/es\/","name":"Hotel Les Genets","description":"","potentialAction":[{"@type":"SearchAction","target":{"@type":"EntryPoint","urlTemplate":"https:\/\/www.hotel-les-genets.com\/es\/?s={search_term_string}"},"query-input":{"@type":"PropertyValueSpecification","valueRequired":true,"valueName":"search_term_string"}}],"inLanguage":"es"}]}},"acf":[],"_links":{"self":[{"href":"https:\/\/www.hotel-les-genets.com\/es\/wp-json\/wp\/v2\/pages\/161","targetHints":{"allow":["GET"]}}],"collection":[{"href":"https:\/\/www.hotel-les-genets.com\/es\/wp-json\/wp\/v2\/pages"}],"about":[{"href":"https:\/\/www.hotel-les-genets.com\/es\/wp-json\/wp\/v2\/types\/page"}],"author":[{"embeddable":true,"href":"https:\/\/www.hotel-les-genets.com\/es\/wp-json\/wp\/v2\/users\/15"}],"replies":[{"embeddable":true,"href":"https:\/\/www.hotel-les-genets.com\/es\/wp-json\/wp\/v2\/comments?post=161"}],"version-history":[{"count":0,"href":"https:\/\/www.hotel-les-genets.com\/es\/wp-json\/wp\/v2\/pages\/161\/revisions"}],"wp:attachment":[{"href":"https:\/\/www.hotel-les-genets.com\/es\/wp-json\/wp\/v2\/media?parent=161"}],"curies":[{"name":"wp","href":"https:\/\/api.w.org\/{rel}","templated":true}]}}