{"id":154,"date":"2020-08-17T18:35:07","date_gmt":"2020-08-17T16:35:07","guid":{"rendered":"http:\/\/les-genets.ms.decms.eu\/?page_id=154"},"modified":"2020-08-17T18:51:55","modified_gmt":"2020-08-17T16:51:55","slug":"acceso","status":"publish","type":"page","link":"https:\/\/www.hotel-les-genets.com\/es\/acceso\/","title":{"rendered":"Acceso"},"content":{"rendered":"<p>Situado en el eje de la A63\/A64 de Burdeos-Toulouse, a 150 metros de la autopista de acceso a Bayona cuyo centro de la ciudad est\u00e1 a 4 kil\u00f3metros, el hotel les Gen\u00eats goza de una ubicaci\u00f3n estrat\u00e9gica para brillar en el Pa\u00eds Vasco y disfrutar de la regi\u00f3n.<\/p>\n<p>A 190 kil\u00f3metros de Burdeos, y 58 kil\u00f3metros de San Sebasti\u00e1n, el hotel los Retazos es tambi\u00e9n un excelente punto de escala para los viajeros que, que se dirijan al sur, Burdeos, Espa\u00f1a o Portugal, desean descansar antes de volver al volante o disfrutar de su parada para descubrir el patrimonio del suroeste de Francia.<\/p>\n","protected":false},"excerpt":{"rendered":"<p>Situado en el eje de la A63\/A64 de Burdeos-Toulouse, a 150 metros de la autopista de acceso a Bayona cuyo centro de la ciudad est\u00e1 a 4 kil\u00f3metros, el hotel les Gen\u00eats goza de una ubicaci\u00f3n estrat\u00e9gica para brillar en el Pa\u00eds Vasco y disfrutar de la regi\u00f3n. A 190 kil\u00f3metros de Burdeos, y 58 [&hellip;]<\/p>\n","protected":false},"author":15,"featured_media":0,"parent":0,"menu_order":30,"comment_status":"closed","ping_status":"closed","template":"template-location.php","meta":{"footnotes":""},"class_list":["post-154","page","type-page","status-publish","hentry"],"yoast_head":"<!-- This site is optimized with the Yoast SEO plugin v26.9 - https:\/\/yoast.com\/product\/yoast-seo-wordpress\/ -->\n<title>Acceder al Hotel Les Gen\u00eats de Bayonne<\/title>\n<meta name=\"description\" content=\"En tren a trav\u00e9s de la estaci\u00f3n de Bayona, por carretera v\u00eda A63 o en avi\u00f3n Desde el aeropuerto de Biarritz es f\u00e1cil llegar al Hotel Les Gen\u00eats de Bayonne.\" \/>\n<meta name=\"robots\" content=\"index, follow, max-snippet:-1, max-image-preview:large, max-video-preview:-1\" \/>\n<link rel=\"canonical\" href=\"https:\/\/www.hotel-les-genets.com\/es\/acceso\/\" \/>\n<meta property=\"og:locale\" content=\"es_ES\" \/>\n<meta property=\"og:type\" content=\"article\" \/>\n<meta property=\"og:title\" content=\"Acceder al Hotel Les Gen\u00eats de Bayonne\" \/>\n<meta property=\"og:description\" content=\"En tren a trav\u00e9s de la estaci\u00f3n de Bayona, por carretera v\u00eda A63 o en avi\u00f3n Desde el aeropuerto de Biarritz es f\u00e1cil llegar al Hotel Les Gen\u00eats de Bayonne.\" \/>\n<meta property=\"og:url\" content=\"https:\/\/www.hotel-les-genets.com\/es\/acceso\/\" \/>\n<meta property=\"og:site_name\" content=\"Hotel Les Genets\" \/>\n<meta property=\"article:modified_time\" content=\"2020-08-17T16:51:55+00:00\" \/>\n<meta name=\"twitter:card\" content=\"summary_large_image\" \/>\n<meta name=\"twitter:label1\" content=\"Tiempo de lectura\" \/>\n\t<meta name=\"twitter:data1\" content=\"1 minuto\" \/>\n<script type=\"application\/ld+json\" class=\"yoast-schema-graph\">{\"@context\":\"https:\/\/schema.org\",\"@graph\":[{\"@type\":\"WebPage\",\"@id\":\"https:\/\/www.hotel-les-genets.com\/es\/acceso\/\",\"url\":\"https:\/\/www.hotel-les-genets.com\/es\/acceso\/\",\"name\":\"Acceder al Hotel Les Gen\u00eats de Bayonne\",\"isPartOf\":{\"@id\":\"https:\/\/www.hotel-les-genets.com\/es\/#website\"},\"datePublished\":\"2020-08-17T16:35:07+00:00\",\"dateModified\":\"2020-08-17T16:51:55+00:00\",\"description\":\"En tren a trav\u00e9s de la estaci\u00f3n de Bayona, por carretera v\u00eda A63 o en avi\u00f3n Desde el aeropuerto de Biarritz es f\u00e1cil llegar al Hotel Les Gen\u00eats de Bayonne.\",\"breadcrumb\":{\"@id\":\"https:\/\/www.hotel-les-genets.com\/es\/acceso\/#breadcrumb\"},\"inLanguage\":\"es\",\"potentialAction\":[{\"@type\":\"ReadAction\",\"target\":[\"https:\/\/www.hotel-les-genets.com\/es\/acceso\/\"]}]},{\"@type\":\"BreadcrumbList\",\"@id\":\"https:\/\/www.hotel-les-genets.com\/es\/acceso\/#breadcrumb\",\"itemListElement\":[{\"@type\":\"ListItem\",\"position\":1,\"name\":\"Accueil\",\"item\":\"https:\/\/www.hotel-les-genets.com\/es\/\"},{\"@type\":\"ListItem\",\"position\":2,\"name\":\"Acceso\"}]},{\"@type\":\"WebSite\",\"@id\":\"https:\/\/www.hotel-les-genets.com\/es\/#website\",\"url\":\"https:\/\/www.hotel-les-genets.com\/es\/\",\"name\":\"Hotel Les Genets\",\"description\":\"\",\"potentialAction\":[{\"@type\":\"SearchAction\",\"target\":{\"@type\":\"EntryPoint\",\"urlTemplate\":\"https:\/\/www.hotel-les-genets.com\/es\/?s={search_term_string}\"},\"query-input\":{\"@type\":\"PropertyValueSpecification\",\"valueRequired\":true,\"valueName\":\"search_term_string\"}}],\"inLanguage\":\"es\"}]}<\/script>\n<!-- \/ Yoast SEO plugin. -->","yoast_head_json":{"title":"Acceder al Hotel Les Gen\u00eats de Bayonne","description":"En tren a trav\u00e9s de la estaci\u00f3n de Bayona, por carretera v\u00eda A63 o en avi\u00f3n Desde el aeropuerto de Biarritz es f\u00e1cil llegar al Hotel Les Gen\u00eats de Bayonne.","robots":{"index":"index","follow":"follow","max-snippet":"max-snippet:-1","max-image-preview":"max-image-preview:large","max-video-preview":"max-video-preview:-1"},"canonical":"https:\/\/www.hotel-les-genets.com\/es\/acceso\/","og_locale":"es_ES","og_type":"article","og_title":"Acceder al Hotel Les Gen\u00eats de Bayonne","og_description":"En tren a trav\u00e9s de la estaci\u00f3n de Bayona, por carretera v\u00eda A63 o en avi\u00f3n Desde el aeropuerto de Biarritz es f\u00e1cil llegar al Hotel Les Gen\u00eats de Bayonne.","og_url":"https:\/\/www.hotel-les-genets.com\/es\/acceso\/","og_site_name":"Hotel Les Genets","article_modified_time":"2020-08-17T16:51:55+00:00","twitter_card":"summary_large_image","twitter_misc":{"Tiempo de lectura":"1 minuto"},"schema":{"@context":"https:\/\/schema.org","@graph":[{"@type":"WebPage","@id":"https:\/\/www.hotel-les-genets.com\/es\/acceso\/","url":"https:\/\/www.hotel-les-genets.com\/es\/acceso\/","name":"Acceder al Hotel Les Gen\u00eats de Bayonne","isPartOf":{"@id":"https:\/\/www.hotel-les-genets.com\/es\/#website"},"datePublished":"2020-08-17T16:35:07+00:00","dateModified":"2020-08-17T16:51:55+00:00","description":"En tren a trav\u00e9s de la estaci\u00f3n de Bayona, por carretera v\u00eda A63 o en avi\u00f3n Desde el aeropuerto de Biarritz es f\u00e1cil llegar al Hotel Les Gen\u00eats de Bayonne.","breadcrumb":{"@id":"https:\/\/www.hotel-les-genets.com\/es\/acceso\/#breadcrumb"},"inLanguage":"es","potentialAction":[{"@type":"ReadAction","target":["https:\/\/www.hotel-les-genets.com\/es\/acceso\/"]}]},{"@type":"BreadcrumbList","@id":"https:\/\/www.hotel-les-genets.com\/es\/acceso\/#breadcrumb","itemListElement":[{"@type":"ListItem","position":1,"name":"Accueil","item":"https:\/\/www.hotel-les-genets.com\/es\/"},{"@type":"ListItem","position":2,"name":"Acceso"}]},{"@type":"WebSite","@id":"https:\/\/www.hotel-les-genets.com\/es\/#website","url":"https:\/\/www.hotel-les-genets.com\/es\/","name":"Hotel Les Genets","description":"","potentialAction":[{"@type":"SearchAction","target":{"@type":"EntryPoint","urlTemplate":"https:\/\/www.hotel-les-genets.com\/es\/?s={search_term_string}"},"query-input":{"@type":"PropertyValueSpecification","valueRequired":true,"valueName":"search_term_string"}}],"inLanguage":"es"}]}},"acf":[],"_links":{"self":[{"href":"https:\/\/www.hotel-les-genets.com\/es\/wp-json\/wp\/v2\/pages\/154","targetHints":{"allow":["GET"]}}],"collection":[{"href":"https:\/\/www.hotel-les-genets.com\/es\/wp-json\/wp\/v2\/pages"}],"about":[{"href":"https:\/\/www.hotel-les-genets.com\/es\/wp-json\/wp\/v2\/types\/page"}],"author":[{"embeddable":true,"href":"https:\/\/www.hotel-les-genets.com\/es\/wp-json\/wp\/v2\/users\/15"}],"replies":[{"embeddable":true,"href":"https:\/\/www.hotel-les-genets.com\/es\/wp-json\/wp\/v2\/comments?post=154"}],"version-history":[{"count":0,"href":"https:\/\/www.hotel-les-genets.com\/es\/wp-json\/wp\/v2\/pages\/154\/revisions"}],"wp:attachment":[{"href":"https:\/\/www.hotel-les-genets.com\/es\/wp-json\/wp\/v2\/media?parent=154"}],"curies":[{"name":"wp","href":"https:\/\/api.w.org\/{rel}","templated":true}]}}