{"id":153,"date":"2020-08-17T16:51:24","date_gmt":"2020-08-17T14:51:24","guid":{"rendered":"http:\/\/les-genets.ms.decms.eu\/?page_id=153"},"modified":"2025-04-24T16:42:07","modified_gmt":"2025-04-24T14:42:07","slug":"descubrir-nuestro-restaurante-atea","status":"publish","type":"page","link":"https:\/\/www.hotel-les-genets.com\/es\/el-restaurante-atea\/descubrir-nuestro-restaurante-atea\/","title":{"rendered":"Men\u00fa completo"},"content":{"rendered":"<p class=\"\" style=\"text-align: center\" data-start=\"40\" data-end=\"52\"><strong data-start=\"40\" data-end=\"52\">MEDIOD\u00cdA<\/strong><\/p>\n<p class=\"\" style=\"text-align: center\" data-start=\"54\" data-end=\"201\"><strong data-start=\"54\" data-end=\"76\">Completo \u2013 22,50 \u20ac<\/strong> : Entrada del d\u00eda + Plato del d\u00eda + Postre del d\u00eda<br data-start=\"127\" data-end=\"130\" \/><strong data-start=\"130\" data-end=\"150\">R\u00e1pido \u2013 18,50 \u20ac<\/strong> : Entrada + Plato + Caf\u00e9 <em data-start=\"176\" data-end=\"179\">o<\/em> Plato + Postre + Caf\u00e9<\/p>\n<p class=\"\" style=\"text-align: center\" data-start=\"203\" data-end=\"212\"><strong data-start=\"203\" data-end=\"212\">NOCHE<\/strong><\/p>\n<p class=\"\" style=\"text-align: center\" data-start=\"214\" data-end=\"361\"><strong data-start=\"214\" data-end=\"236\">Completo \u2013 26,50 \u20ac<\/strong> : Entrada del d\u00eda + Plato del d\u00eda + Postre del d\u00eda<br data-start=\"287\" data-end=\"290\" \/><strong data-start=\"290\" data-end=\"310\">R\u00e1pido \u2013 22,50 \u20ac<\/strong> : Entrada + Plato + Caf\u00e9 <em data-start=\"336\" data-end=\"339\">o<\/em> Plato + Postre + Caf\u00e9<\/p>\n<p data-start=\"214\" data-end=\"361\">\n<div id=\"gallery-1\" class=\"gallery galleryid-1 default columns_4 gallery-columns-4  gallery-size-thumbnail \">\n<dl class=\"gallery-item gallery-startcol\">\n\t<dt class=\"gallery-icon\"><a href=\"https:\/\/www.hotel-les-genets.com\/es\/le-restaurant-atea\/decouvrez-notre-restaurant\/p1026099\/\" title=\"P1026099\">\t\t\t<img loading=\"lazy\" decoding=\"async\" src=\"https:\/\/www.hotel-les-genets.com\/wp-content\/uploads\/sites\/126\/2025\/04\/P1026099-e1745429072377-150x150.gif\" width=\"150\" height=\"150\" title=\"P1026099\" class=\"attachment-thumbnail\" alt=\"P1026099\" \/><\/a>\t<\/dt>\n\t<\/dl>\n<dl class=\"gallery-item\">\n\t<dt class=\"gallery-icon\"><a href=\"https:\/\/www.hotel-les-genets.com\/es\/le-restaurant-atea\/decouvrez-notre-restaurant\/p1026146\/\" title=\"P1026146\">\t\t\t<img loading=\"lazy\" decoding=\"async\" src=\"https:\/\/www.hotel-les-genets.com\/wp-content\/uploads\/sites\/126\/2025\/04\/P1026146-150x150.jpg\" width=\"150\" height=\"150\" title=\"P1026146\" class=\"attachment-thumbnail\" alt=\"P1026146\" \/><\/a>\t<\/dt>\n\t<\/dl>\n<dl class=\"gallery-item\">\n\t<dt class=\"gallery-icon\"><a href=\"https:\/\/www.hotel-les-genets.com\/es\/le-restaurant-atea\/decouvrez-notre-restaurant\/p1026204\/\" title=\"P1026204\">\t\t\t<img loading=\"lazy\" decoding=\"async\" src=\"https:\/\/www.hotel-les-genets.com\/wp-content\/uploads\/sites\/126\/2025\/04\/P1026204-150x150.jpg\" width=\"150\" height=\"150\" title=\"P1026204\" class=\"attachment-thumbnail\" alt=\"P1026204\" \/><\/a>\t<\/dt>\n\t<\/dl>\n<dl class=\"gallery-item gallery-endcol\">\n\t<dt class=\"gallery-icon\"><a href=\"https:\/\/www.hotel-les-genets.com\/es\/le-restaurant-atea\/decouvrez-notre-restaurant\/p1026153\/\" title=\"P1026153\">\t\t\t<img loading=\"lazy\" decoding=\"async\" src=\"https:\/\/www.hotel-les-genets.com\/wp-content\/uploads\/sites\/126\/2025\/04\/P1026153-150x150.jpg\" width=\"150\" height=\"150\" title=\"P1026153\" class=\"attachment-thumbnail\" alt=\"P1026153\" \/><\/a>\t<\/dt>\n\t<\/dl>\n\n<br class='clear' \/>\n<dl class=\"gallery-item gallery-startcol\">\n\t<dt class=\"gallery-icon\"><a href=\"https:\/\/www.hotel-les-genets.com\/es\/le-restaurant-atea\/decouvrez-notre-restaurant\/capture-decran-2025-04-23-a-21-04-21\/\" title=\"Capture d\u2019\u00e9cran 2025-04-23 \u00e0 21.04.21\">\t\t\t<img loading=\"lazy\" decoding=\"async\" src=\"https:\/\/www.hotel-les-genets.com\/wp-content\/uploads\/sites\/126\/2025\/04\/Capture-decran-2025-04-23-a-21.04.21-150x150.png\" width=\"150\" height=\"150\" title=\"Capture d\u2019\u00e9cran 2025-04-23 \u00e0 21.04.21\" class=\"attachment-thumbnail\" alt=\"Capture d\u2019\u00e9cran 2025-04-23 \u00e0 21.04.21\" \/><\/a>\t<\/dt>\n\t<\/dl>\n<dl class=\"gallery-item\">\n\t<dt class=\"gallery-icon\"><a href=\"https:\/\/www.hotel-les-genets.com\/es\/le-restaurant-atea\/decouvrez-notre-restaurant\/p1026183-2\/\" title=\"P1026183\">\t\t\t<img loading=\"lazy\" decoding=\"async\" src=\"https:\/\/www.hotel-les-genets.com\/wp-content\/uploads\/sites\/126\/2025\/04\/P1026183-150x150.jpg\" width=\"150\" height=\"150\" title=\"P1026183\" class=\"attachment-thumbnail\" alt=\"P1026183\" \/><\/a>\t<\/dt>\n\t<\/dl>\n<dl class=\"gallery-item\">\n\t<dt class=\"gallery-icon\"><a href=\"https:\/\/www.hotel-les-genets.com\/es\/le-restaurant-atea\/decouvrez-notre-restaurant\/p1026170\/\" title=\"P1026170\">\t\t\t<img loading=\"lazy\" decoding=\"async\" src=\"https:\/\/www.hotel-les-genets.com\/wp-content\/uploads\/sites\/126\/2025\/04\/P1026170-150x150.jpg\" width=\"150\" height=\"150\" title=\"P1026170\" class=\"attachment-thumbnail\" alt=\"P1026170\" \/><\/a>\t<\/dt>\n\t<\/dl>\n<dl class=\"gallery-item gallery-endcol\">\n\t<dt class=\"gallery-icon\"><a href=\"https:\/\/www.hotel-les-genets.com\/es\/le-restaurant-atea\/decouvrez-notre-restaurant\/capture-decran-2025-04-23-a-21-04-06\/\" title=\"Capture d\u2019\u00e9cran 2025-04-23 \u00e0 21.04.06\">\t\t\t<img loading=\"lazy\" decoding=\"async\" src=\"https:\/\/www.hotel-les-genets.com\/wp-content\/uploads\/sites\/126\/2025\/04\/Capture-decran-2025-04-23-a-21.04.06-150x150.png\" width=\"150\" height=\"150\" title=\"Capture d\u2019\u00e9cran 2025-04-23 \u00e0 21.04.06\" class=\"attachment-thumbnail\" alt=\"Capture d\u2019\u00e9cran 2025-04-23 \u00e0 21.04.06\" \/><\/a>\t<\/dt>\n\t<\/dl>\n\n<br class='clear' \/>\n\n\n<\/div>\n","protected":false},"excerpt":{"rendered":"<p>MEDIOD\u00cdA Completo \u2013 22,50 \u20ac : Entrada del d\u00eda + Plato del d\u00eda + Postre del d\u00edaR\u00e1pido \u2013 18,50 \u20ac : Entrada + Plato + Caf\u00e9 o Plato + Postre + Caf\u00e9 NOCHE Completo \u2013 26,50 \u20ac : Entrada del d\u00eda + Plato del d\u00eda + Postre del d\u00edaR\u00e1pido \u2013 22,50 \u20ac : Entrada + [&hellip;]<\/p>\n","protected":false},"author":15,"featured_media":0,"parent":149,"menu_order":0,"comment_status":"closed","ping_status":"closed","template":"","meta":{"footnotes":""},"class_list":["post-153","page","type-page","status-publish","hentry"],"yoast_head":"<!-- This site is optimized with the Yoast SEO plugin v26.9 - https:\/\/yoast.com\/product\/yoast-seo-wordpress\/ -->\n<title>Men\u00fa completo - Hotel Les Genets<\/title>\n<meta name=\"description\" content=\"MEDIOD\u00cdA Completo \u2013 22,50 \u20ac : Entrada del d\u00eda + Plato del d\u00eda + Postre del d\u00edaR\u00e1pido \u2013 18,50 \u20ac : Entrada + Plato + Caf\u00e9 o Plato + Postre + Caf\u00e9 NOCHE\" \/>\n<meta name=\"robots\" content=\"index, follow, max-snippet:-1, max-image-preview:large, max-video-preview:-1\" \/>\n<link rel=\"canonical\" href=\"https:\/\/www.hotel-les-genets.com\/es\/el-restaurante-atea\/descubrir-nuestro-restaurante-atea\/\" \/>\n<meta property=\"og:locale\" content=\"es_ES\" \/>\n<meta property=\"og:type\" content=\"article\" \/>\n<meta property=\"og:title\" content=\"Men\u00fa completo - Hotel Les Genets\" \/>\n<meta property=\"og:description\" content=\"MEDIOD\u00cdA Completo \u2013 22,50 \u20ac : Entrada del d\u00eda + Plato del d\u00eda + Postre del d\u00edaR\u00e1pido \u2013 18,50 \u20ac : Entrada + Plato + Caf\u00e9 o Plato + Postre + Caf\u00e9 NOCHE\" \/>\n<meta property=\"og:url\" content=\"https:\/\/www.hotel-les-genets.com\/es\/el-restaurante-atea\/descubrir-nuestro-restaurante-atea\/\" \/>\n<meta property=\"og:site_name\" content=\"Hotel Les Genets\" \/>\n<meta property=\"article:modified_time\" content=\"2025-04-24T14:42:07+00:00\" \/>\n<meta property=\"og:image\" content=\"https:\/\/www.hotel-les-genets.com\/wp-content\/uploads\/sites\/126\/2025\/04\/P1026099-e1745429072377-150x150.gif\" \/>\n<meta name=\"twitter:card\" content=\"summary_large_image\" \/>\n<meta name=\"twitter:label1\" content=\"Tiempo de lectura\" \/>\n\t<meta name=\"twitter:data1\" content=\"1 minuto\" \/>\n<script type=\"application\/ld+json\" class=\"yoast-schema-graph\">{\"@context\":\"https:\/\/schema.org\",\"@graph\":[{\"@type\":\"WebPage\",\"@id\":\"https:\/\/www.hotel-les-genets.com\/es\/el-restaurante-atea\/descubrir-nuestro-restaurante-atea\/\",\"url\":\"https:\/\/www.hotel-les-genets.com\/es\/el-restaurante-atea\/descubrir-nuestro-restaurante-atea\/\",\"name\":\"Men\u00fa completo - Hotel Les Genets\",\"isPartOf\":{\"@id\":\"https:\/\/www.hotel-les-genets.com\/es\/#website\"},\"datePublished\":\"2020-08-17T14:51:24+00:00\",\"dateModified\":\"2025-04-24T14:42:07+00:00\",\"description\":\"MEDIOD\u00cdA Completo \u2013 22,50 \u20ac : Entrada del d\u00eda + Plato del d\u00eda + Postre del d\u00edaR\u00e1pido \u2013 18,50 \u20ac : Entrada + Plato + Caf\u00e9 o Plato + Postre + Caf\u00e9 NOCHE\",\"breadcrumb\":{\"@id\":\"https:\/\/www.hotel-les-genets.com\/es\/el-restaurante-atea\/descubrir-nuestro-restaurante-atea\/#breadcrumb\"},\"inLanguage\":\"es\",\"potentialAction\":[{\"@type\":\"ReadAction\",\"target\":[\"https:\/\/www.hotel-les-genets.com\/es\/el-restaurante-atea\/descubrir-nuestro-restaurante-atea\/\"]}]},{\"@type\":\"BreadcrumbList\",\"@id\":\"https:\/\/www.hotel-les-genets.com\/es\/el-restaurante-atea\/descubrir-nuestro-restaurante-atea\/#breadcrumb\",\"itemListElement\":[{\"@type\":\"ListItem\",\"position\":1,\"name\":\"Accueil\",\"item\":\"https:\/\/www.hotel-les-genets.com\/es\/\"},{\"@type\":\"ListItem\",\"position\":2,\"name\":\"El Restaurante ATEA\",\"item\":\"https:\/\/www.hotel-les-genets.com\/es\/el-restaurante-atea\/\"},{\"@type\":\"ListItem\",\"position\":3,\"name\":\"Men\u00fa completo\"}]},{\"@type\":\"WebSite\",\"@id\":\"https:\/\/www.hotel-les-genets.com\/es\/#website\",\"url\":\"https:\/\/www.hotel-les-genets.com\/es\/\",\"name\":\"Hotel Les Genets\",\"description\":\"\",\"potentialAction\":[{\"@type\":\"SearchAction\",\"target\":{\"@type\":\"EntryPoint\",\"urlTemplate\":\"https:\/\/www.hotel-les-genets.com\/es\/?s={search_term_string}\"},\"query-input\":{\"@type\":\"PropertyValueSpecification\",\"valueRequired\":true,\"valueName\":\"search_term_string\"}}],\"inLanguage\":\"es\"}]}<\/script>\n<!-- \/ Yoast SEO plugin. -->","yoast_head_json":{"title":"Men\u00fa completo - Hotel Les Genets","description":"MEDIOD\u00cdA Completo \u2013 22,50 \u20ac : Entrada del d\u00eda + Plato del d\u00eda + Postre del d\u00edaR\u00e1pido \u2013 18,50 \u20ac : Entrada + Plato + Caf\u00e9 o Plato + Postre + Caf\u00e9 NOCHE","robots":{"index":"index","follow":"follow","max-snippet":"max-snippet:-1","max-image-preview":"max-image-preview:large","max-video-preview":"max-video-preview:-1"},"canonical":"https:\/\/www.hotel-les-genets.com\/es\/el-restaurante-atea\/descubrir-nuestro-restaurante-atea\/","og_locale":"es_ES","og_type":"article","og_title":"Men\u00fa completo - Hotel Les Genets","og_description":"MEDIOD\u00cdA Completo \u2013 22,50 \u20ac : Entrada del d\u00eda + Plato del d\u00eda + Postre del d\u00edaR\u00e1pido \u2013 18,50 \u20ac : Entrada + Plato + Caf\u00e9 o Plato + Postre + Caf\u00e9 NOCHE","og_url":"https:\/\/www.hotel-les-genets.com\/es\/el-restaurante-atea\/descubrir-nuestro-restaurante-atea\/","og_site_name":"Hotel Les Genets","article_modified_time":"2025-04-24T14:42:07+00:00","og_image":[{"url":"https:\/\/www.hotel-les-genets.com\/wp-content\/uploads\/sites\/126\/2025\/04\/P1026099-e1745429072377-150x150.gif","type":"","width":"","height":""}],"twitter_card":"summary_large_image","twitter_misc":{"Tiempo de lectura":"1 minuto"},"schema":{"@context":"https:\/\/schema.org","@graph":[{"@type":"WebPage","@id":"https:\/\/www.hotel-les-genets.com\/es\/el-restaurante-atea\/descubrir-nuestro-restaurante-atea\/","url":"https:\/\/www.hotel-les-genets.com\/es\/el-restaurante-atea\/descubrir-nuestro-restaurante-atea\/","name":"Men\u00fa completo - Hotel Les Genets","isPartOf":{"@id":"https:\/\/www.hotel-les-genets.com\/es\/#website"},"datePublished":"2020-08-17T14:51:24+00:00","dateModified":"2025-04-24T14:42:07+00:00","description":"MEDIOD\u00cdA Completo \u2013 22,50 \u20ac : Entrada del d\u00eda + Plato del d\u00eda + Postre del d\u00edaR\u00e1pido \u2013 18,50 \u20ac : Entrada + Plato + Caf\u00e9 o Plato + Postre + Caf\u00e9 NOCHE","breadcrumb":{"@id":"https:\/\/www.hotel-les-genets.com\/es\/el-restaurante-atea\/descubrir-nuestro-restaurante-atea\/#breadcrumb"},"inLanguage":"es","potentialAction":[{"@type":"ReadAction","target":["https:\/\/www.hotel-les-genets.com\/es\/el-restaurante-atea\/descubrir-nuestro-restaurante-atea\/"]}]},{"@type":"BreadcrumbList","@id":"https:\/\/www.hotel-les-genets.com\/es\/el-restaurante-atea\/descubrir-nuestro-restaurante-atea\/#breadcrumb","itemListElement":[{"@type":"ListItem","position":1,"name":"Accueil","item":"https:\/\/www.hotel-les-genets.com\/es\/"},{"@type":"ListItem","position":2,"name":"El Restaurante ATEA","item":"https:\/\/www.hotel-les-genets.com\/es\/el-restaurante-atea\/"},{"@type":"ListItem","position":3,"name":"Men\u00fa completo"}]},{"@type":"WebSite","@id":"https:\/\/www.hotel-les-genets.com\/es\/#website","url":"https:\/\/www.hotel-les-genets.com\/es\/","name":"Hotel Les Genets","description":"","potentialAction":[{"@type":"SearchAction","target":{"@type":"EntryPoint","urlTemplate":"https:\/\/www.hotel-les-genets.com\/es\/?s={search_term_string}"},"query-input":{"@type":"PropertyValueSpecification","valueRequired":true,"valueName":"search_term_string"}}],"inLanguage":"es"}]}},"acf":[],"_links":{"self":[{"href":"https:\/\/www.hotel-les-genets.com\/es\/wp-json\/wp\/v2\/pages\/153","targetHints":{"allow":["GET"]}}],"collection":[{"href":"https:\/\/www.hotel-les-genets.com\/es\/wp-json\/wp\/v2\/pages"}],"about":[{"href":"https:\/\/www.hotel-les-genets.com\/es\/wp-json\/wp\/v2\/types\/page"}],"author":[{"embeddable":true,"href":"https:\/\/www.hotel-les-genets.com\/es\/wp-json\/wp\/v2\/users\/15"}],"replies":[{"embeddable":true,"href":"https:\/\/www.hotel-les-genets.com\/es\/wp-json\/wp\/v2\/comments?post=153"}],"version-history":[{"count":0,"href":"https:\/\/www.hotel-les-genets.com\/es\/wp-json\/wp\/v2\/pages\/153\/revisions"}],"up":[{"embeddable":true,"href":"https:\/\/www.hotel-les-genets.com\/es\/wp-json\/wp\/v2\/pages\/149"}],"wp:attachment":[{"href":"https:\/\/www.hotel-les-genets.com\/es\/wp-json\/wp\/v2\/media?parent=153"}],"curies":[{"name":"wp","href":"https:\/\/api.w.org\/{rel}","templated":true}]}}