{"id":149,"date":"2020-08-17T16:37:01","date_gmt":"2020-08-17T14:37:01","guid":{"rendered":"http:\/\/les-genets.ms.decms.eu\/?page_id=149"},"modified":"2025-04-23T20:33:02","modified_gmt":"2025-04-23T18:33:02","slug":"el-restaurante-atea","status":"publish","type":"page","link":"https:\/\/www.hotel-les-genets.com\/es\/el-restaurante-atea\/","title":{"rendered":"El Restaurante ATEA"},"content":{"rendered":"<p class=\"\" data-start=\"40\" data-end=\"133\"><strong data-start=\"40\" data-end=\"133\">A las puertas de Bayona,<br data-start=\"66\" data-end=\"69\" \/>el hotel Les Gen\u00eats pone a su disposici\u00f3n el restaurante ATEA.<\/strong><\/p>\n<p class=\"\" data-start=\"135\" data-end=\"373\">Descubra una cocina tradicional e innovadora en el restaurante ATEA de Bayona. Disfrute de platos sabrosos en un ambiente c\u00e1lido, ya sea en el amplio y luminoso comedor o, en los d\u00edas soleados, en la terraza de 60 m\u00b2 junto al restaurante.<\/p>\n<p class=\"\" data-start=\"375\" data-end=\"676\"><strong data-start=\"375\" data-end=\"446\">Servicio de comidas al mediod\u00eda y por la noche, de lunes a viernes.<\/strong><br data-start=\"446\" data-end=\"449\" \/>El restaurante ATEA del hotel Les Gen\u00eats ofrece una carta con una excelente relaci\u00f3n calidad-precio. Platos a partir de 17 \u20ac y men\u00fas desde 18,50 \u20ac al mediod\u00eda y 22,50 \u20ac por la noche. <em data-start=\"632\" data-end=\"676\">(Restaurante cerrado los fines de semana).<\/em><\/p>\n<p class=\"\" data-start=\"678\" data-end=\"870\">El restaurante ATEA destaca por una cocina aut\u00e9ntica y refinada, elaborada con productos frescos y locales. Los sabores del terru\u00f1o llegan a su mesa gourmet en el coraz\u00f3n del hotel Les Gen\u00eats.<\/p>\n<hr class=\"\" data-start=\"872\" data-end=\"875\" \/>\n<p class=\"\" data-start=\"877\" data-end=\"1072\"><strong data-start=\"877\" data-end=\"910\">Horarios del restaurante ATEA<\/strong> <em data-start=\"911\" data-end=\"970\">(abierto de lunes a viernes, cerrado los fines de semana)<\/em><br data-start=\"970\" data-end=\"973\" \/>Almuerzo: de 12:00 a 13:30<br data-start=\"999\" data-end=\"1002\" \/>Cena: de 19:00 a 21:30<br data-start=\"1024\" data-end=\"1027\" \/><strong data-start=\"1027\" data-end=\"1045\">Para reservar:<\/strong> Llame al +33 5 59 42 24 24<\/p>\n","protected":false},"excerpt":{"rendered":"<p>A las puertas de Bayona,el hotel Les Gen\u00eats pone a su disposici\u00f3n el restaurante ATEA. Descubra una cocina tradicional e innovadora en el restaurante ATEA de Bayona. Disfrute de platos sabrosos en un ambiente c\u00e1lido, ya sea en el amplio y luminoso comedor o, en los d\u00edas soleados, en la terraza de 60 m\u00b2 junto [&hellip;]<\/p>\n","protected":false},"author":15,"featured_media":0,"parent":0,"menu_order":20,"comment_status":"closed","ping_status":"closed","template":"template-restaurants.php","meta":{"footnotes":""},"class_list":["post-149","page","type-page","status-publish","hentry"],"yoast_head":"<!-- This site is optimized with the Yoast SEO plugin v26.9 - https:\/\/yoast.com\/product\/yoast-seo-wordpress\/ -->\n<title>Restaurante ATEA - H\u00f4tel Les Gen\u00eats de Bayonne<\/title>\n<meta name=\"description\" content=\"El restaurante ATEA del hotel Les Gen\u00eats presenta una carta de men\u00fas con buena relaci\u00f3n calidad-precio y f\u00f3rmulas buffet.\" \/>\n<meta name=\"robots\" content=\"index, follow, max-snippet:-1, max-image-preview:large, max-video-preview:-1\" \/>\n<link rel=\"canonical\" href=\"https:\/\/www.hotel-les-genets.com\/es\/el-restaurante-atea\/\" \/>\n<meta property=\"og:locale\" content=\"es_ES\" \/>\n<meta property=\"og:type\" content=\"article\" \/>\n<meta property=\"og:title\" content=\"Restaurante ATEA - H\u00f4tel Les Gen\u00eats de Bayonne\" \/>\n<meta property=\"og:description\" content=\"El restaurante ATEA del hotel Les Gen\u00eats presenta una carta de men\u00fas con buena relaci\u00f3n calidad-precio y f\u00f3rmulas buffet.\" \/>\n<meta property=\"og:url\" content=\"https:\/\/www.hotel-les-genets.com\/es\/el-restaurante-atea\/\" \/>\n<meta property=\"og:site_name\" content=\"Hotel Les Genets\" \/>\n<meta property=\"article:modified_time\" content=\"2025-04-23T18:33:02+00:00\" \/>\n<meta name=\"twitter:card\" content=\"summary_large_image\" \/>\n<meta name=\"twitter:label1\" content=\"Tiempo de lectura\" \/>\n\t<meta name=\"twitter:data1\" content=\"1 minuto\" \/>\n<script type=\"application\/ld+json\" class=\"yoast-schema-graph\">{\"@context\":\"https:\/\/schema.org\",\"@graph\":[{\"@type\":\"WebPage\",\"@id\":\"https:\/\/www.hotel-les-genets.com\/es\/el-restaurante-atea\/\",\"url\":\"https:\/\/www.hotel-les-genets.com\/es\/el-restaurante-atea\/\",\"name\":\"Restaurante ATEA - H\u00f4tel Les Gen\u00eats de Bayonne\",\"isPartOf\":{\"@id\":\"https:\/\/www.hotel-les-genets.com\/es\/#website\"},\"datePublished\":\"2020-08-17T14:37:01+00:00\",\"dateModified\":\"2025-04-23T18:33:02+00:00\",\"description\":\"El restaurante ATEA del hotel Les Gen\u00eats presenta una carta de men\u00fas con buena relaci\u00f3n calidad-precio y f\u00f3rmulas buffet.\",\"breadcrumb\":{\"@id\":\"https:\/\/www.hotel-les-genets.com\/es\/el-restaurante-atea\/#breadcrumb\"},\"inLanguage\":\"es\",\"potentialAction\":[{\"@type\":\"ReadAction\",\"target\":[\"https:\/\/www.hotel-les-genets.com\/es\/el-restaurante-atea\/\"]}]},{\"@type\":\"BreadcrumbList\",\"@id\":\"https:\/\/www.hotel-les-genets.com\/es\/el-restaurante-atea\/#breadcrumb\",\"itemListElement\":[{\"@type\":\"ListItem\",\"position\":1,\"name\":\"Accueil\",\"item\":\"https:\/\/www.hotel-les-genets.com\/es\/\"},{\"@type\":\"ListItem\",\"position\":2,\"name\":\"El Restaurante ATEA\"}]},{\"@type\":\"WebSite\",\"@id\":\"https:\/\/www.hotel-les-genets.com\/es\/#website\",\"url\":\"https:\/\/www.hotel-les-genets.com\/es\/\",\"name\":\"Hotel Les Genets\",\"description\":\"\",\"potentialAction\":[{\"@type\":\"SearchAction\",\"target\":{\"@type\":\"EntryPoint\",\"urlTemplate\":\"https:\/\/www.hotel-les-genets.com\/es\/?s={search_term_string}\"},\"query-input\":{\"@type\":\"PropertyValueSpecification\",\"valueRequired\":true,\"valueName\":\"search_term_string\"}}],\"inLanguage\":\"es\"}]}<\/script>\n<!-- \/ Yoast SEO plugin. -->","yoast_head_json":{"title":"Restaurante ATEA - H\u00f4tel Les Gen\u00eats de Bayonne","description":"El restaurante ATEA del hotel Les Gen\u00eats presenta una carta de men\u00fas con buena relaci\u00f3n calidad-precio y f\u00f3rmulas buffet.","robots":{"index":"index","follow":"follow","max-snippet":"max-snippet:-1","max-image-preview":"max-image-preview:large","max-video-preview":"max-video-preview:-1"},"canonical":"https:\/\/www.hotel-les-genets.com\/es\/el-restaurante-atea\/","og_locale":"es_ES","og_type":"article","og_title":"Restaurante ATEA - H\u00f4tel Les Gen\u00eats de Bayonne","og_description":"El restaurante ATEA del hotel Les Gen\u00eats presenta una carta de men\u00fas con buena relaci\u00f3n calidad-precio y f\u00f3rmulas buffet.","og_url":"https:\/\/www.hotel-les-genets.com\/es\/el-restaurante-atea\/","og_site_name":"Hotel Les Genets","article_modified_time":"2025-04-23T18:33:02+00:00","twitter_card":"summary_large_image","twitter_misc":{"Tiempo de lectura":"1 minuto"},"schema":{"@context":"https:\/\/schema.org","@graph":[{"@type":"WebPage","@id":"https:\/\/www.hotel-les-genets.com\/es\/el-restaurante-atea\/","url":"https:\/\/www.hotel-les-genets.com\/es\/el-restaurante-atea\/","name":"Restaurante ATEA - H\u00f4tel Les Gen\u00eats de Bayonne","isPartOf":{"@id":"https:\/\/www.hotel-les-genets.com\/es\/#website"},"datePublished":"2020-08-17T14:37:01+00:00","dateModified":"2025-04-23T18:33:02+00:00","description":"El restaurante ATEA del hotel Les Gen\u00eats presenta una carta de men\u00fas con buena relaci\u00f3n calidad-precio y f\u00f3rmulas buffet.","breadcrumb":{"@id":"https:\/\/www.hotel-les-genets.com\/es\/el-restaurante-atea\/#breadcrumb"},"inLanguage":"es","potentialAction":[{"@type":"ReadAction","target":["https:\/\/www.hotel-les-genets.com\/es\/el-restaurante-atea\/"]}]},{"@type":"BreadcrumbList","@id":"https:\/\/www.hotel-les-genets.com\/es\/el-restaurante-atea\/#breadcrumb","itemListElement":[{"@type":"ListItem","position":1,"name":"Accueil","item":"https:\/\/www.hotel-les-genets.com\/es\/"},{"@type":"ListItem","position":2,"name":"El Restaurante ATEA"}]},{"@type":"WebSite","@id":"https:\/\/www.hotel-les-genets.com\/es\/#website","url":"https:\/\/www.hotel-les-genets.com\/es\/","name":"Hotel Les Genets","description":"","potentialAction":[{"@type":"SearchAction","target":{"@type":"EntryPoint","urlTemplate":"https:\/\/www.hotel-les-genets.com\/es\/?s={search_term_string}"},"query-input":{"@type":"PropertyValueSpecification","valueRequired":true,"valueName":"search_term_string"}}],"inLanguage":"es"}]}},"acf":[],"_links":{"self":[{"href":"https:\/\/www.hotel-les-genets.com\/es\/wp-json\/wp\/v2\/pages\/149","targetHints":{"allow":["GET"]}}],"collection":[{"href":"https:\/\/www.hotel-les-genets.com\/es\/wp-json\/wp\/v2\/pages"}],"about":[{"href":"https:\/\/www.hotel-les-genets.com\/es\/wp-json\/wp\/v2\/types\/page"}],"author":[{"embeddable":true,"href":"https:\/\/www.hotel-les-genets.com\/es\/wp-json\/wp\/v2\/users\/15"}],"replies":[{"embeddable":true,"href":"https:\/\/www.hotel-les-genets.com\/es\/wp-json\/wp\/v2\/comments?post=149"}],"version-history":[{"count":0,"href":"https:\/\/www.hotel-les-genets.com\/es\/wp-json\/wp\/v2\/pages\/149\/revisions"}],"wp:attachment":[{"href":"https:\/\/www.hotel-les-genets.com\/es\/wp-json\/wp\/v2\/media?parent=149"}],"curies":[{"name":"wp","href":"https:\/\/api.w.org\/{rel}","templated":true}]}}