{"id":140,"date":"2020-08-17T15:11:45","date_gmt":"2020-08-17T13:11:45","guid":{"rendered":"http:\/\/les-genets.ms.decms.eu\/?page_id=140"},"modified":"2020-12-09T10:24:37","modified_gmt":"2020-12-09T09:24:37","slug":"habitacion-doble-standard","status":"publish","type":"page","link":"https:\/\/www.hotel-les-genets.com\/es\/las-habitaciones\/habitacion-doble-standard\/","title":{"rendered":"Habitacion Doble Standard"},"content":{"rendered":"<p style=\"text-align: center;\">Con una superficie de 12,5 m\u00b2, cada habitaci\u00f3n incluye:<\/p>\n<p style=\"text-align: left;\">\u2022 Una cama doble en 140&#215;190<br \/>\n\u2022 Una ducha con WC<br \/>\n\u2022 Tel\u00e9fono<br \/>\n\u2022\u00a0 Wifi gratis e ilimitado<br \/>\n\u2022\u00a0 Productos para el hogar<br \/>\n\u2022 TV<br \/>\n\u2022 Aire acondicionado<br \/>\n\u2022 Doble acristalamiento.<\/p>\n","protected":false},"excerpt":{"rendered":"<p>Con una superficie de 12,5 m\u00b2, cada habitaci\u00f3n incluye: \u2022 Una cama doble en 140&#215;190 \u2022 Una ducha con WC \u2022 Tel\u00e9fono \u2022\u00a0 Wifi gratis e ilimitado \u2022\u00a0 Productos para el hogar \u2022 TV \u2022 Aire acondicionado \u2022 Doble acristalamiento.<\/p>\n","protected":false},"author":15,"featured_media":0,"parent":139,"menu_order":0,"comment_status":"closed","ping_status":"closed","template":"template-single-room.php","meta":{"footnotes":""},"class_list":["post-140","page","type-page","status-publish","hentry"],"yoast_head":"<!-- This site is optimized with the Yoast SEO plugin v26.9 - https:\/\/yoast.com\/product\/yoast-seo-wordpress\/ -->\n<title>Habitacion doble Standard del H\u00f4tel Les Gen\u00eats Bayonne<\/title>\n<meta name=\"description\" content=\"A las puertas de Bayona, reserve una habitaci\u00f3n con todas las comodidades en el hotel Les Gen\u00eats: bien situado, ofrece un restaurante, desayuno, facilidades de aparcamiento y wifi gratuito, Les Gen\u00eats es un hotel ideal a las puertas de Bayonne.\" \/>\n<meta name=\"robots\" content=\"index, follow, max-snippet:-1, max-image-preview:large, max-video-preview:-1\" \/>\n<link rel=\"canonical\" href=\"https:\/\/www.hotel-les-genets.com\/es\/las-habitaciones\/habitacion-doble-standard\/\" \/>\n<meta property=\"og:locale\" content=\"es_ES\" \/>\n<meta property=\"og:type\" content=\"article\" \/>\n<meta property=\"og:title\" content=\"Habitacion doble Standard del H\u00f4tel Les Gen\u00eats Bayonne\" \/>\n<meta property=\"og:description\" content=\"A las puertas de Bayona, reserve una habitaci\u00f3n con todas las comodidades en el hotel Les Gen\u00eats: bien situado, ofrece un restaurante, desayuno, facilidades de aparcamiento y wifi gratuito, Les Gen\u00eats es un hotel ideal a las puertas de Bayonne.\" \/>\n<meta property=\"og:url\" content=\"https:\/\/www.hotel-les-genets.com\/es\/las-habitaciones\/habitacion-doble-standard\/\" \/>\n<meta property=\"og:site_name\" content=\"Hotel Les Genets\" \/>\n<meta property=\"article:modified_time\" content=\"2020-12-09T09:24:37+00:00\" \/>\n<meta name=\"twitter:card\" content=\"summary_large_image\" \/>\n<script type=\"application\/ld+json\" class=\"yoast-schema-graph\">{\"@context\":\"https:\/\/schema.org\",\"@graph\":[{\"@type\":\"WebPage\",\"@id\":\"https:\/\/www.hotel-les-genets.com\/es\/las-habitaciones\/habitacion-doble-standard\/\",\"url\":\"https:\/\/www.hotel-les-genets.com\/es\/las-habitaciones\/habitacion-doble-standard\/\",\"name\":\"Habitacion doble Standard del H\u00f4tel Les Gen\u00eats Bayonne\",\"isPartOf\":{\"@id\":\"https:\/\/www.hotel-les-genets.com\/es\/#website\"},\"datePublished\":\"2020-08-17T13:11:45+00:00\",\"dateModified\":\"2020-12-09T09:24:37+00:00\",\"description\":\"A las puertas de Bayona, reserve una habitaci\u00f3n con todas las comodidades en el hotel Les Gen\u00eats: bien situado, ofrece un restaurante, desayuno, facilidades de aparcamiento y wifi gratuito, Les Gen\u00eats es un hotel ideal a las puertas de Bayonne.\",\"breadcrumb\":{\"@id\":\"https:\/\/www.hotel-les-genets.com\/es\/las-habitaciones\/habitacion-doble-standard\/#breadcrumb\"},\"inLanguage\":\"es\",\"potentialAction\":[{\"@type\":\"ReadAction\",\"target\":[\"https:\/\/www.hotel-les-genets.com\/es\/las-habitaciones\/habitacion-doble-standard\/\"]}]},{\"@type\":\"BreadcrumbList\",\"@id\":\"https:\/\/www.hotel-les-genets.com\/es\/las-habitaciones\/habitacion-doble-standard\/#breadcrumb\",\"itemListElement\":[{\"@type\":\"ListItem\",\"position\":1,\"name\":\"Accueil\",\"item\":\"https:\/\/www.hotel-les-genets.com\/es\/\"},{\"@type\":\"ListItem\",\"position\":2,\"name\":\"Las habitaciones\",\"item\":\"https:\/\/www.hotel-les-genets.com\/es\/las-habitaciones\/\"},{\"@type\":\"ListItem\",\"position\":3,\"name\":\"Habitacion Doble Standard\"}]},{\"@type\":\"WebSite\",\"@id\":\"https:\/\/www.hotel-les-genets.com\/es\/#website\",\"url\":\"https:\/\/www.hotel-les-genets.com\/es\/\",\"name\":\"Hotel Les Genets\",\"description\":\"\",\"potentialAction\":[{\"@type\":\"SearchAction\",\"target\":{\"@type\":\"EntryPoint\",\"urlTemplate\":\"https:\/\/www.hotel-les-genets.com\/es\/?s={search_term_string}\"},\"query-input\":{\"@type\":\"PropertyValueSpecification\",\"valueRequired\":true,\"valueName\":\"search_term_string\"}}],\"inLanguage\":\"es\"}]}<\/script>\n<!-- \/ Yoast SEO plugin. -->","yoast_head_json":{"title":"Habitacion doble Standard del H\u00f4tel Les Gen\u00eats Bayonne","description":"A las puertas de Bayona, reserve una habitaci\u00f3n con todas las comodidades en el hotel Les Gen\u00eats: bien situado, ofrece un restaurante, desayuno, facilidades de aparcamiento y wifi gratuito, Les Gen\u00eats es un hotel ideal a las puertas de Bayonne.","robots":{"index":"index","follow":"follow","max-snippet":"max-snippet:-1","max-image-preview":"max-image-preview:large","max-video-preview":"max-video-preview:-1"},"canonical":"https:\/\/www.hotel-les-genets.com\/es\/las-habitaciones\/habitacion-doble-standard\/","og_locale":"es_ES","og_type":"article","og_title":"Habitacion doble Standard del H\u00f4tel Les Gen\u00eats Bayonne","og_description":"A las puertas de Bayona, reserve una habitaci\u00f3n con todas las comodidades en el hotel Les Gen\u00eats: bien situado, ofrece un restaurante, desayuno, facilidades de aparcamiento y wifi gratuito, Les Gen\u00eats es un hotel ideal a las puertas de Bayonne.","og_url":"https:\/\/www.hotel-les-genets.com\/es\/las-habitaciones\/habitacion-doble-standard\/","og_site_name":"Hotel Les Genets","article_modified_time":"2020-12-09T09:24:37+00:00","twitter_card":"summary_large_image","schema":{"@context":"https:\/\/schema.org","@graph":[{"@type":"WebPage","@id":"https:\/\/www.hotel-les-genets.com\/es\/las-habitaciones\/habitacion-doble-standard\/","url":"https:\/\/www.hotel-les-genets.com\/es\/las-habitaciones\/habitacion-doble-standard\/","name":"Habitacion doble Standard del H\u00f4tel Les Gen\u00eats Bayonne","isPartOf":{"@id":"https:\/\/www.hotel-les-genets.com\/es\/#website"},"datePublished":"2020-08-17T13:11:45+00:00","dateModified":"2020-12-09T09:24:37+00:00","description":"A las puertas de Bayona, reserve una habitaci\u00f3n con todas las comodidades en el hotel Les Gen\u00eats: bien situado, ofrece un restaurante, desayuno, facilidades de aparcamiento y wifi gratuito, Les Gen\u00eats es un hotel ideal a las puertas de Bayonne.","breadcrumb":{"@id":"https:\/\/www.hotel-les-genets.com\/es\/las-habitaciones\/habitacion-doble-standard\/#breadcrumb"},"inLanguage":"es","potentialAction":[{"@type":"ReadAction","target":["https:\/\/www.hotel-les-genets.com\/es\/las-habitaciones\/habitacion-doble-standard\/"]}]},{"@type":"BreadcrumbList","@id":"https:\/\/www.hotel-les-genets.com\/es\/las-habitaciones\/habitacion-doble-standard\/#breadcrumb","itemListElement":[{"@type":"ListItem","position":1,"name":"Accueil","item":"https:\/\/www.hotel-les-genets.com\/es\/"},{"@type":"ListItem","position":2,"name":"Las habitaciones","item":"https:\/\/www.hotel-les-genets.com\/es\/las-habitaciones\/"},{"@type":"ListItem","position":3,"name":"Habitacion Doble Standard"}]},{"@type":"WebSite","@id":"https:\/\/www.hotel-les-genets.com\/es\/#website","url":"https:\/\/www.hotel-les-genets.com\/es\/","name":"Hotel Les Genets","description":"","potentialAction":[{"@type":"SearchAction","target":{"@type":"EntryPoint","urlTemplate":"https:\/\/www.hotel-les-genets.com\/es\/?s={search_term_string}"},"query-input":{"@type":"PropertyValueSpecification","valueRequired":true,"valueName":"search_term_string"}}],"inLanguage":"es"}]}},"acf":[],"_links":{"self":[{"href":"https:\/\/www.hotel-les-genets.com\/es\/wp-json\/wp\/v2\/pages\/140","targetHints":{"allow":["GET"]}}],"collection":[{"href":"https:\/\/www.hotel-les-genets.com\/es\/wp-json\/wp\/v2\/pages"}],"about":[{"href":"https:\/\/www.hotel-les-genets.com\/es\/wp-json\/wp\/v2\/types\/page"}],"author":[{"embeddable":true,"href":"https:\/\/www.hotel-les-genets.com\/es\/wp-json\/wp\/v2\/users\/15"}],"replies":[{"embeddable":true,"href":"https:\/\/www.hotel-les-genets.com\/es\/wp-json\/wp\/v2\/comments?post=140"}],"version-history":[{"count":0,"href":"https:\/\/www.hotel-les-genets.com\/es\/wp-json\/wp\/v2\/pages\/140\/revisions"}],"up":[{"embeddable":true,"href":"https:\/\/www.hotel-les-genets.com\/es\/wp-json\/wp\/v2\/pages\/139"}],"wp:attachment":[{"href":"https:\/\/www.hotel-les-genets.com\/es\/wp-json\/wp\/v2\/media?parent=140"}],"curies":[{"name":"wp","href":"https:\/\/api.w.org\/{rel}","templated":true}]}}