{"id":137,"date":"2020-08-17T14:59:23","date_gmt":"2020-08-17T12:59:23","guid":{"rendered":"http:\/\/les-genets.ms.decms.eu\/?page_id=137"},"modified":"2025-04-02T12:13:30","modified_gmt":"2025-04-02T10:13:30","slug":"bienvenidos-al-hotel-les-genets","status":"publish","type":"page","link":"https:\/\/www.hotel-les-genets.com\/es\/","title":{"rendered":"Bienvenidos al Hotel Les Gen\u00eats"},"content":{"rendered":"<p>El Les Gen\u00eats Hotel est\u00e1 situado en Bayona y ofrece f\u00e1cil acceso por autopista. El Hotel les Gen\u00eats es el lugar ideal para dejar sus maletas en el camino de las vacaciones y, para nuestra clientela de negocios, ofrecemos un paquete de noche de paso, que incluye la habitaci\u00f3n, desayuno y una comida completa con opciones a la carta. Encuentre nuestra propuesta de Etapas Nocturnas y disfrute de la excelente relaci\u00f3n calidad-precio de nuestro Restaurante Atea. <\/p>\n<p>Una cocina refinada y de calidad, con una selecci\u00f3n de platos a la carta,<br \/>\npero tambi\u00e9n una f\u00f3rmula buffet para los comerciales e individuales.<br \/>\nDesayuno variado y equilibrado en forma de buffet a voluntad. Desayuno gratuito para ni\u00f1os de hasta 10 a\u00f1os. Servicios ideales para comerciantes y profesionales en viaje ( de Lunes a Viernes). Fuera de Julio y Agosto.<\/p>\n<p><strong>Tanto si se dirige al sur hacia Espa\u00f1a como hacia Burdeos, el hotel Les Gen\u00eats de Bayonne le da<br \/>\nla bienvenida durante todo el a\u00f1o.<\/strong><\/p>\n<p>Situado en una zona muy bien comunicada, el hotel se presta gustosamente a la acogida de una clientela de viaje y de negocios. Conveniente para vivir, dispone de aparcamiento gratuito y privado en el hotel y de un restaurante tradicional de calidad que ofrece cocina local.<br \/>\nEl Hotel Les Gen\u00eats tambi\u00e9n ofrece estancias llave en mano para grupos de clientes.<br \/>\nCon autorizaci\u00f3n tur\u00edstica desde 1997, el hotel dispone de una red de socios y de conocimientos que le permitan dise\u00f1ar programas de estancia a tarifas ventajosas.<br \/>\nTodo se hace cargo de la reserva de la gu\u00eda a los medios de locomoci\u00f3n, hasta la organizaci\u00f3n visitas. <\/p>\n<p>Preocupado por el bienestar de su clientela, el hotel les Gen\u00eats se hace fuerte para presentarle propuestas de estancias elaboradas en medida, tanto en el conjunto del territorio del Pa\u00eds Vasco como en los territorios lim\u00edtrofes (costas de las Landas, frontera espa\u00f1ola). Preocupado por el bienestar de los clientes, el hotel de dos estrellas Les Gen\u00eats a las puertas de Bayonne y a pocos minutos de Anglet y Biarritz, ofrece una amplia gama servicios para hacer de su estancia una experiencia agradable.<\/p>\n","protected":false},"excerpt":{"rendered":"<p>El Les Gen\u00eats Hotel est\u00e1 situado en Bayona y ofrece f\u00e1cil acceso por autopista. El Hotel les Gen\u00eats es el lugar ideal para dejar sus maletas en el camino de las vacaciones y, para nuestra clientela de negocios, ofrecemos un paquete de noche de paso, que incluye la habitaci\u00f3n, desayuno y una comida completa con [&hellip;]<\/p>\n","protected":false},"author":15,"featured_media":0,"parent":0,"menu_order":0,"comment_status":"closed","ping_status":"closed","template":"","meta":{"footnotes":""},"class_list":["post-137","page","type-page","status-publish","hentry"],"yoast_head":"<!-- This site is optimized with the Yoast SEO plugin v26.9 - https:\/\/yoast.com\/product\/yoast-seo-wordpress\/ -->\n<title>Bienvenidos al Hotel Les Gen\u00eats - Hotel Les Genets<\/title>\n<meta name=\"description\" content=\"El Les Gen\u00eats Hotel est\u00e1 situado en Bayona y ofrece f\u00e1cil acceso por autopista. El Hotel les Gen\u00eats es el lugar ideal para dejar sus maletas en el camino\" \/>\n<meta name=\"robots\" content=\"index, follow, max-snippet:-1, max-image-preview:large, max-video-preview:-1\" \/>\n<link rel=\"canonical\" href=\"https:\/\/www.hotel-les-genets.com\/es\/\" \/>\n<meta property=\"og:locale\" content=\"es_ES\" \/>\n<meta property=\"og:type\" content=\"article\" \/>\n<meta property=\"og:title\" content=\"Bienvenidos al Hotel Les Gen\u00eats - Hotel Les Genets\" \/>\n<meta property=\"og:description\" content=\"El Les Gen\u00eats Hotel est\u00e1 situado en Bayona y ofrece f\u00e1cil acceso por autopista. El Hotel les Gen\u00eats es el lugar ideal para dejar sus maletas en el camino\" \/>\n<meta property=\"og:url\" content=\"https:\/\/www.hotel-les-genets.com\/es\/\" \/>\n<meta property=\"og:site_name\" content=\"Hotel Les Genets\" \/>\n<meta property=\"article:modified_time\" content=\"2025-04-02T10:13:30+00:00\" \/>\n<meta name=\"twitter:card\" content=\"summary_large_image\" \/>\n<meta name=\"twitter:label1\" content=\"Tiempo de lectura\" \/>\n\t<meta name=\"twitter:data1\" content=\"2 minutos\" \/>\n<script type=\"application\/ld+json\" class=\"yoast-schema-graph\">{\"@context\":\"https:\/\/schema.org\",\"@graph\":[{\"@type\":\"WebPage\",\"@id\":\"https:\/\/www.hotel-les-genets.com\/es\/\",\"url\":\"https:\/\/www.hotel-les-genets.com\/es\/\",\"name\":\"Bienvenidos al Hotel Les Gen\u00eats - Hotel Les Genets\",\"isPartOf\":{\"@id\":\"https:\/\/www.hotel-les-genets.com\/es\/#website\"},\"datePublished\":\"2020-08-17T12:59:23+00:00\",\"dateModified\":\"2025-04-02T10:13:30+00:00\",\"description\":\"El Les Gen\u00eats Hotel est\u00e1 situado en Bayona y ofrece f\u00e1cil acceso por autopista. El Hotel les Gen\u00eats es el lugar ideal para dejar sus maletas en el camino\",\"breadcrumb\":{\"@id\":\"https:\/\/www.hotel-les-genets.com\/es\/#breadcrumb\"},\"inLanguage\":\"es\",\"potentialAction\":[{\"@type\":\"ReadAction\",\"target\":[\"https:\/\/www.hotel-les-genets.com\/es\/\"]}]},{\"@type\":\"BreadcrumbList\",\"@id\":\"https:\/\/www.hotel-les-genets.com\/es\/#breadcrumb\",\"itemListElement\":[{\"@type\":\"ListItem\",\"position\":1,\"name\":\"Accueil\",\"item\":\"https:\/\/www.hotel-les-genets.com\/es\/\"},{\"@type\":\"ListItem\",\"position\":2,\"name\":\"Bienvenidos al Hotel Les Gen\u00eats\"}]},{\"@type\":\"WebSite\",\"@id\":\"https:\/\/www.hotel-les-genets.com\/es\/#website\",\"url\":\"https:\/\/www.hotel-les-genets.com\/es\/\",\"name\":\"Hotel Les Genets\",\"description\":\"\",\"potentialAction\":[{\"@type\":\"SearchAction\",\"target\":{\"@type\":\"EntryPoint\",\"urlTemplate\":\"https:\/\/www.hotel-les-genets.com\/es\/?s={search_term_string}\"},\"query-input\":{\"@type\":\"PropertyValueSpecification\",\"valueRequired\":true,\"valueName\":\"search_term_string\"}}],\"inLanguage\":\"es\"}]}<\/script>\n<!-- \/ Yoast SEO plugin. -->","yoast_head_json":{"title":"Bienvenidos al Hotel Les Gen\u00eats - Hotel Les Genets","description":"El Les Gen\u00eats Hotel est\u00e1 situado en Bayona y ofrece f\u00e1cil acceso por autopista. El Hotel les Gen\u00eats es el lugar ideal para dejar sus maletas en el camino","robots":{"index":"index","follow":"follow","max-snippet":"max-snippet:-1","max-image-preview":"max-image-preview:large","max-video-preview":"max-video-preview:-1"},"canonical":"https:\/\/www.hotel-les-genets.com\/es\/","og_locale":"es_ES","og_type":"article","og_title":"Bienvenidos al Hotel Les Gen\u00eats - Hotel Les Genets","og_description":"El Les Gen\u00eats Hotel est\u00e1 situado en Bayona y ofrece f\u00e1cil acceso por autopista. El Hotel les Gen\u00eats es el lugar ideal para dejar sus maletas en el camino","og_url":"https:\/\/www.hotel-les-genets.com\/es\/","og_site_name":"Hotel Les Genets","article_modified_time":"2025-04-02T10:13:30+00:00","twitter_card":"summary_large_image","twitter_misc":{"Tiempo de lectura":"2 minutos"},"schema":{"@context":"https:\/\/schema.org","@graph":[{"@type":"WebPage","@id":"https:\/\/www.hotel-les-genets.com\/es\/","url":"https:\/\/www.hotel-les-genets.com\/es\/","name":"Bienvenidos al Hotel Les Gen\u00eats - Hotel Les Genets","isPartOf":{"@id":"https:\/\/www.hotel-les-genets.com\/es\/#website"},"datePublished":"2020-08-17T12:59:23+00:00","dateModified":"2025-04-02T10:13:30+00:00","description":"El Les Gen\u00eats Hotel est\u00e1 situado en Bayona y ofrece f\u00e1cil acceso por autopista. El Hotel les Gen\u00eats es el lugar ideal para dejar sus maletas en el camino","breadcrumb":{"@id":"https:\/\/www.hotel-les-genets.com\/es\/#breadcrumb"},"inLanguage":"es","potentialAction":[{"@type":"ReadAction","target":["https:\/\/www.hotel-les-genets.com\/es\/"]}]},{"@type":"BreadcrumbList","@id":"https:\/\/www.hotel-les-genets.com\/es\/#breadcrumb","itemListElement":[{"@type":"ListItem","position":1,"name":"Accueil","item":"https:\/\/www.hotel-les-genets.com\/es\/"},{"@type":"ListItem","position":2,"name":"Bienvenidos al Hotel Les Gen\u00eats"}]},{"@type":"WebSite","@id":"https:\/\/www.hotel-les-genets.com\/es\/#website","url":"https:\/\/www.hotel-les-genets.com\/es\/","name":"Hotel Les Genets","description":"","potentialAction":[{"@type":"SearchAction","target":{"@type":"EntryPoint","urlTemplate":"https:\/\/www.hotel-les-genets.com\/es\/?s={search_term_string}"},"query-input":{"@type":"PropertyValueSpecification","valueRequired":true,"valueName":"search_term_string"}}],"inLanguage":"es"}]}},"acf":[],"_links":{"self":[{"href":"https:\/\/www.hotel-les-genets.com\/es\/wp-json\/wp\/v2\/pages\/137","targetHints":{"allow":["GET"]}}],"collection":[{"href":"https:\/\/www.hotel-les-genets.com\/es\/wp-json\/wp\/v2\/pages"}],"about":[{"href":"https:\/\/www.hotel-les-genets.com\/es\/wp-json\/wp\/v2\/types\/page"}],"author":[{"embeddable":true,"href":"https:\/\/www.hotel-les-genets.com\/es\/wp-json\/wp\/v2\/users\/15"}],"replies":[{"embeddable":true,"href":"https:\/\/www.hotel-les-genets.com\/es\/wp-json\/wp\/v2\/comments?post=137"}],"version-history":[{"count":0,"href":"https:\/\/www.hotel-les-genets.com\/es\/wp-json\/wp\/v2\/pages\/137\/revisions"}],"wp:attachment":[{"href":"https:\/\/www.hotel-les-genets.com\/es\/wp-json\/wp\/v2\/media?parent=137"}],"curies":[{"name":"wp","href":"https:\/\/api.w.org\/{rel}","templated":true}]}}