{"id":212,"date":"2020-02-18T14:53:18","date_gmt":"2020-02-18T13:53:18","guid":{"rendered":"http:\/\/les-genets.ms.decms.eu\/mentions-legales\/"},"modified":"2020-08-26T18:02:56","modified_gmt":"2020-08-26T16:02:56","slug":"legal-notice","status":"publish","type":"page","link":"https:\/\/www.hotel-les-genets.com\/en\/legal-notice\/","title":{"rendered":"Legal notice"},"content":{"rendered":"<p>The publisher undertakes to respect all laws concerning the establishment and activity of a website.<\/p>\n<p><strong>Technical information: <\/strong><\/p>\n<p>It is reminded that the secret of correspondence is not guaranteed on the Internet network and that it is the responsability of each Internet user to take all appropriate measures to protect their own data and\/or software of possible virus contamination circulating on the Internet.<\/p>\n<p><strong>Editorial Charter: <\/strong><\/p>\n<p>The website www.hotel-les-genets.com is a presentation site for services offered by SAS Hoteli\u00e8re and Bayonne Restaurant. It is complemented by simulation tools.<\/p>\n<p>The information provided on this site is for information purposes only.<\/p>\n<p>Address: HOTEL LES GENETS Rond point de Maignon 86 avenue of 8 May 1945 64100 BAYONNE<\/p>\n<p>EMAIL ADDRESS: nellyferrier@hotel-les-genets.com<\/p>\n<p>&nbsp;<\/p>\n<p><strong>Webdesign &amp; Hosting<\/strong><\/p>\n<p>Society: D-Edge<br \/>\nWebsite : <a href=\"https:\/\/www.d-edge.com\/fr\/\" target=\"_blank\" rel=\"noopener noreferrer\">https:\/\/www.d-edge.com\/fr\/<\/a><br \/>\nAddress : 14\/16, boulevard Poissonni\u00e8re, 75 009 Paris<br \/>\nPhone : +33 1 44 71 05 05\u200b<br \/>\nSIREN : 431 513 852<\/p>\n<p>&nbsp;<\/p>\n<p><strong>Personal data: <\/strong><\/p>\n<p>The information you enter will be recorded by SAS Hoteli\u00e8re and Bayonne Restaurant. They will be analysed and transmitted to the various departments. In addition, they may be used by SAS Hoteli\u00e8re and Bayonne Restaurant for commercial purposes.<\/p>\n<p>If you do not want to do so, please let us know by writing to the address specified below. You have a right to access, to modify, rectify and delete the data collected on this site, under the conditions prescribed by law no. 78-17 of 6 January 1978 on data processing, files and freedoms. For that, write to the site administrator at the following address: \u00a0 SAS soci\u00e9t\u00e9 Hoteli\u00e8re et restaurant Bayonne Rond point de Maignon 86 avenue du 8 mai 1945 64100 BAYONNE<\/p>\n<p><strong>Rights of authors:<\/strong><\/p>\n<p>Reproduction or representation, in whole or in part, of pages, data and any other component of the site is prohibited and represents a counterfeit if done without authorization.<\/p>\n","protected":false},"excerpt":{"rendered":"<p>The publisher undertakes to respect all laws concerning the establishment and activity of a website. Technical information: It is reminded that the secret of correspondence is not guaranteed on the Internet network and that it is the responsability of each Internet user to take all appropriate measures to protect their own data and\/or software of [&hellip;]<\/p>\n","protected":false},"author":3,"featured_media":0,"parent":0,"menu_order":80,"comment_status":"closed","ping_status":"closed","template":"","meta":{"footnotes":""},"class_list":["post-212","page","type-page","status-publish","hentry"],"yoast_head":"<!-- This site is optimized with the Yoast SEO plugin v26.9 - https:\/\/yoast.com\/product\/yoast-seo-wordpress\/ -->\n<title>Legal notice - Hotel Les Genets<\/title>\n<meta name=\"description\" content=\"The publisher undertakes to respect all laws concerning the establishment and activity of a website. Technical information: It is reminded that the secret\" \/>\n<meta name=\"robots\" content=\"index, follow, max-snippet:-1, max-image-preview:large, max-video-preview:-1\" \/>\n<link rel=\"canonical\" href=\"https:\/\/www.hotel-les-genets.com\/en\/legal-notice\/\" \/>\n<meta property=\"og:locale\" content=\"en_US\" \/>\n<meta property=\"og:type\" content=\"article\" \/>\n<meta property=\"og:title\" content=\"Legal notice - Hotel Les Genets\" \/>\n<meta property=\"og:description\" content=\"The publisher undertakes to respect all laws concerning the establishment and activity of a website. Technical information: It is reminded that the secret\" \/>\n<meta property=\"og:url\" content=\"https:\/\/www.hotel-les-genets.com\/en\/legal-notice\/\" \/>\n<meta property=\"og:site_name\" content=\"Hotel Les Genets\" \/>\n<meta property=\"article:modified_time\" content=\"2020-08-26T16:02:56+00:00\" \/>\n<meta name=\"twitter:card\" content=\"summary_large_image\" \/>\n<meta name=\"twitter:label1\" content=\"Est. reading time\" \/>\n\t<meta name=\"twitter:data1\" content=\"1 minute\" \/>\n<script type=\"application\/ld+json\" class=\"yoast-schema-graph\">{\"@context\":\"https:\/\/schema.org\",\"@graph\":[{\"@type\":\"WebPage\",\"@id\":\"https:\/\/www.hotel-les-genets.com\/en\/legal-notice\/\",\"url\":\"https:\/\/www.hotel-les-genets.com\/en\/legal-notice\/\",\"name\":\"Legal notice - Hotel Les Genets\",\"isPartOf\":{\"@id\":\"https:\/\/www.hotel-les-genets.com\/en\/#website\"},\"datePublished\":\"2020-02-18T13:53:18+00:00\",\"dateModified\":\"2020-08-26T16:02:56+00:00\",\"description\":\"The publisher undertakes to respect all laws concerning the establishment and activity of a website. Technical information: It is reminded that the secret\",\"breadcrumb\":{\"@id\":\"https:\/\/www.hotel-les-genets.com\/en\/legal-notice\/#breadcrumb\"},\"inLanguage\":\"en-US\",\"potentialAction\":[{\"@type\":\"ReadAction\",\"target\":[\"https:\/\/www.hotel-les-genets.com\/en\/legal-notice\/\"]}]},{\"@type\":\"BreadcrumbList\",\"@id\":\"https:\/\/www.hotel-les-genets.com\/en\/legal-notice\/#breadcrumb\",\"itemListElement\":[{\"@type\":\"ListItem\",\"position\":1,\"name\":\"Accueil\",\"item\":\"https:\/\/www.hotel-les-genets.com\/en\/\"},{\"@type\":\"ListItem\",\"position\":2,\"name\":\"Legal notice\"}]},{\"@type\":\"WebSite\",\"@id\":\"https:\/\/www.hotel-les-genets.com\/en\/#website\",\"url\":\"https:\/\/www.hotel-les-genets.com\/en\/\",\"name\":\"Hotel Les Genets\",\"description\":\"\",\"potentialAction\":[{\"@type\":\"SearchAction\",\"target\":{\"@type\":\"EntryPoint\",\"urlTemplate\":\"https:\/\/www.hotel-les-genets.com\/en\/?s={search_term_string}\"},\"query-input\":{\"@type\":\"PropertyValueSpecification\",\"valueRequired\":true,\"valueName\":\"search_term_string\"}}],\"inLanguage\":\"en-US\"}]}<\/script>\n<!-- \/ Yoast SEO plugin. -->","yoast_head_json":{"title":"Legal notice - Hotel Les Genets","description":"The publisher undertakes to respect all laws concerning the establishment and activity of a website. Technical information: It is reminded that the secret","robots":{"index":"index","follow":"follow","max-snippet":"max-snippet:-1","max-image-preview":"max-image-preview:large","max-video-preview":"max-video-preview:-1"},"canonical":"https:\/\/www.hotel-les-genets.com\/en\/legal-notice\/","og_locale":"en_US","og_type":"article","og_title":"Legal notice - Hotel Les Genets","og_description":"The publisher undertakes to respect all laws concerning the establishment and activity of a website. Technical information: It is reminded that the secret","og_url":"https:\/\/www.hotel-les-genets.com\/en\/legal-notice\/","og_site_name":"Hotel Les Genets","article_modified_time":"2020-08-26T16:02:56+00:00","twitter_card":"summary_large_image","twitter_misc":{"Est. reading time":"1 minute"},"schema":{"@context":"https:\/\/schema.org","@graph":[{"@type":"WebPage","@id":"https:\/\/www.hotel-les-genets.com\/en\/legal-notice\/","url":"https:\/\/www.hotel-les-genets.com\/en\/legal-notice\/","name":"Legal notice - Hotel Les Genets","isPartOf":{"@id":"https:\/\/www.hotel-les-genets.com\/en\/#website"},"datePublished":"2020-02-18T13:53:18+00:00","dateModified":"2020-08-26T16:02:56+00:00","description":"The publisher undertakes to respect all laws concerning the establishment and activity of a website. Technical information: It is reminded that the secret","breadcrumb":{"@id":"https:\/\/www.hotel-les-genets.com\/en\/legal-notice\/#breadcrumb"},"inLanguage":"en-US","potentialAction":[{"@type":"ReadAction","target":["https:\/\/www.hotel-les-genets.com\/en\/legal-notice\/"]}]},{"@type":"BreadcrumbList","@id":"https:\/\/www.hotel-les-genets.com\/en\/legal-notice\/#breadcrumb","itemListElement":[{"@type":"ListItem","position":1,"name":"Accueil","item":"https:\/\/www.hotel-les-genets.com\/en\/"},{"@type":"ListItem","position":2,"name":"Legal notice"}]},{"@type":"WebSite","@id":"https:\/\/www.hotel-les-genets.com\/en\/#website","url":"https:\/\/www.hotel-les-genets.com\/en\/","name":"Hotel Les Genets","description":"","potentialAction":[{"@type":"SearchAction","target":{"@type":"EntryPoint","urlTemplate":"https:\/\/www.hotel-les-genets.com\/en\/?s={search_term_string}"},"query-input":{"@type":"PropertyValueSpecification","valueRequired":true,"valueName":"search_term_string"}}],"inLanguage":"en-US"}]}},"acf":[],"_links":{"self":[{"href":"https:\/\/www.hotel-les-genets.com\/en\/wp-json\/wp\/v2\/pages\/212","targetHints":{"allow":["GET"]}}],"collection":[{"href":"https:\/\/www.hotel-les-genets.com\/en\/wp-json\/wp\/v2\/pages"}],"about":[{"href":"https:\/\/www.hotel-les-genets.com\/en\/wp-json\/wp\/v2\/types\/page"}],"author":[{"embeddable":true,"href":"https:\/\/www.hotel-les-genets.com\/en\/wp-json\/wp\/v2\/users\/3"}],"replies":[{"embeddable":true,"href":"https:\/\/www.hotel-les-genets.com\/en\/wp-json\/wp\/v2\/comments?post=212"}],"version-history":[{"count":0,"href":"https:\/\/www.hotel-les-genets.com\/en\/wp-json\/wp\/v2\/pages\/212\/revisions"}],"wp:attachment":[{"href":"https:\/\/www.hotel-les-genets.com\/en\/wp-json\/wp\/v2\/media?parent=212"}],"curies":[{"name":"wp","href":"https:\/\/api.w.org\/{rel}","templated":true}]}}